{"id":850,"date":"2020-04-01T19:48:15","date_gmt":"2020-04-01T23:48:15","guid":{"rendered":"https:\/\/led-the-way.com\/?post_type=product&#038;p=850"},"modified":"2022-09-13T13:31:16","modified_gmt":"2022-09-13T17:31:16","slug":"bollard-solaire-aux-dels","status":"publish","type":"product","link":"https:\/\/led-the-way.com\/en\/product\/bollard-solaire-aux-dels\/","title":{"rendered":"Bollard solaire aux DELs"},"content":{"rendered":"<div class=\" translation-block\">Bollard solaire aux DELs illuminant en bleu. Un produit exclusif et unique en vente. <span style=\"color: #555555; font-size: 14.4px;\">Peut \u00eatre install\u00e9 dans vos zones publics, pour d\u00e9limiter un chemin, alentour de piscine, \u00e0 votre entr\u00e9e de camping, etc\u2026 votre imagination peut aussi prendre la rel\u00e8ve. <\/span><span style=\"color: #555555; font-size: 14.4px;\">Ce produit est unique \u00e0 nous et compl\u00e8tement solaire donc aucun frais d\u2019\u00e9lectricit\u00e9.&nbsp;<\/span><\/div>\n<ul>\n<li>La hauteur totale du bollard est de 600 mm<\/li>\n<li>Fait en aluminium anodis\u00e9<\/li>\n<li>D\u00e9tecteur de mouvement automatique<\/li>\n<li>Temps de chargement : 5 heures<\/li>\n<li>Dur\u00e9e de fonctionnement : 3 jours en continu avec une charge de 5 heures<\/li>\n<li>Ancrage au sol<\/li>\n<li>Cat\u00e9gorie IP65 comme nos lampadaires solaires pour la pluie.<\/li>\n<\/ul>\n<p class=\" translation-block\"><span style=\"font-size: 100%;\">Les <a href=\"https:\/\/www.rncan.gc.ca\/energie\/produits\/reference\/15477\" target=\"_self\" rel=\"noopener\">produits<\/a> aux DELs refl\u00e8tent l\u2019avenir. Nous mettrons r\u00e9guli\u00e8rement en ligne de nouveaux produits. Consultez nos diff\u00e9rentes <a href=\"https:\/\/led-the-way.com\/boutique_dels\/\" target=\"_self\" rel=\"noopener\">cat\u00e9gories de produits<\/a> aux DELs. \u00c9v\u00e8nements. Signalisation. S\u00e9curit\u00e9. Loisirs. H\u00f4tellerie. Restauration. Maisons et jardins. Animaux, Commerces et services publiques, etc.<\/span><\/p>\n<p>&nbsp;<\/p>","protected":false},"excerpt":{"rendered":"<p class=\" translation-block\">Bollard solaire aux DELs illuminant en bleu. Un produit exclusif et unique en vente. <span style=\"color: #555555; font-size: 14.4px;\">Peut \u00eatre install\u00e9 dans vos zones publics, pour d\u00e9limiter un chemin, alentour de piscine, \u00e0 votre entr\u00e9e de camping, etc\u2026 votre imagination peut aussi prendre la rel\u00e8ve. <\/span><span style=\"color: #555555; font-size: 14.4px;\">Ce produit est unique \u00e0 nous et compl\u00e8tement solaire donc aucun frais d\u2019\u00e9lectricit\u00e9.&nbsp;<\/span><\/p>","protected":false},"featured_media":851,"template":"","meta":{"jetpack_post_was_ever_published":false,"jetpack_publicize_message":"","jetpack_publicize_feature_enabled":true,"jetpack_social_post_already_shared":true,"jetpack_social_options":{"image_generator_settings":{"template":"highway","enabled":false}}},"product_cat":[92,91,175,45,56,73],"product_tag":[160,29,161,88,158],"jetpack_publicize_connections":[],"yoast_head":"<!-- This site is optimized with the Yoast SEO Premium plugin v20.9 (Yoast SEO v22.0) - https:\/\/yoast.com\/wordpress\/plugins\/seo\/ -->\n<title>Bollard solaire aux DELs - Distributeur de produits aux DELs<\/title>\n<meta name=\"description\" content=\"Bollard solaire aux DELs: Peut \u00eatre install\u00e9 dans vos zones publics, pour d\u00e9limiter un chemin, autour d&#039;une piscine, stationnement, camping...\" \/>\n<meta name=\"robots\" content=\"index, follow, max-snippet:-1, max-image-preview:large, max-video-preview:-1\" \/>\n<link rel=\"canonical\" href=\"https:\/\/led-the-way.com\/en\/product\/bollard-solaire-aux-dels\/\" \/>\n<meta property=\"og:locale\" content=\"en_US\" \/>\n<meta property=\"og:type\" content=\"article\" \/>\n<meta property=\"og:title\" content=\"Bollard solaire aux DELs\" \/>\n<meta property=\"og:description\" content=\"Bollard solaire aux DELs: Peut \u00eatre install\u00e9 dans vos zones publics, pour d\u00e9limiter un chemin, autour d&#039;une piscine, stationnement, camping...\" \/>\n<meta property=\"og:url\" content=\"https:\/\/led-the-way.com\/en\/product\/bollard-solaire-aux-dels\/\" \/>\n<meta property=\"og:site_name\" content=\"Led-the-way\" \/>\n<meta property=\"article:publisher\" content=\"https:\/\/web.facebook.com\/LED-THE-WAY-531227160363222\/?ref=bookmarks&amp;amp%3bamp%3bamp%3bamp%3bamp%3bamp%3bamp%3bamp%3bamp%3b_rdc=1&amp;amp%3bamp%3bamp%3bamp%3bamp%3bamp%3bamp%3bamp%3bamp%3b_rdr\" \/>\n<meta property=\"article:modified_time\" content=\"2022-09-13T17:31:16+00:00\" \/>\n<meta property=\"og:image\" content=\"https:\/\/led-the-way.com\/wp-content\/uploads\/2020\/04\/bollard-3.png\" \/>\n\t<meta property=\"og:image:width\" content=\"255\" \/>\n\t<meta property=\"og:image:height\" content=\"263\" \/>\n\t<meta property=\"og:image:type\" content=\"image\/png\" \/>\n<meta name=\"twitter:card\" content=\"summary_large_image\" \/>\n<meta name=\"twitter:label1\" content=\"Est. reading time\" \/>\n\t<meta name=\"twitter:data1\" content=\"1 minute\" \/>\n<script type=\"application\/ld+json\" class=\"yoast-schema-graph\">{\"@context\":\"https:\/\/schema.org\",\"@graph\":[{\"@type\":\"WebPage\",\"@id\":\"https:\/\/led-the-way.com\/product\/bollard-solaire-aux-dels\/\",\"url\":\"https:\/\/led-the-way.com\/product\/bollard-solaire-aux-dels\/\",\"name\":\"Bollard solaire aux DELs - Distributeur de produits aux DELs\",\"isPartOf\":{\"@id\":\"https:\/\/led-the-way.com\/#website\"},\"datePublished\":\"2020-04-01T23:48:15+00:00\",\"dateModified\":\"2022-09-13T17:31:16+00:00\",\"description\":\"Bollard solaire aux DELs: Peut \u00eatre install\u00e9 dans vos zones publics, pour d\u00e9limiter un chemin, autour d'une piscine, stationnement, camping...\",\"breadcrumb\":{\"@id\":\"https:\/\/led-the-way.com\/product\/bollard-solaire-aux-dels\/#breadcrumb\"},\"inLanguage\":\"en-US\",\"potentialAction\":[{\"@type\":\"ReadAction\",\"target\":[\"https:\/\/led-the-way.com\/product\/bollard-solaire-aux-dels\/\"]}]},{\"@type\":\"BreadcrumbList\",\"@id\":\"https:\/\/led-the-way.com\/product\/bollard-solaire-aux-dels\/#breadcrumb\",\"itemListElement\":[{\"@type\":\"ListItem\",\"position\":1,\"name\":\"Accueil\",\"item\":\"https:\/\/led-the-way.com\/\"},{\"@type\":\"ListItem\",\"position\":2,\"name\":\"Boutique DELS\",\"item\":\"https:\/\/led-the-way.com\/boutique_de_produits_uniques_aux_dels\/\"},{\"@type\":\"ListItem\",\"position\":3,\"name\":\"Bollard solaire aux DELs\"}]},{\"@type\":\"WebSite\",\"@id\":\"https:\/\/led-the-way.com\/#website\",\"url\":\"https:\/\/led-the-way.com\/\",\"name\":\"Led-the-way\",\"description\":\"&laquo; Cr&eacute;ez un monde de beaut&eacute; et de lumi&egrave;res &raquo;\",\"publisher\":{\"@id\":\"https:\/\/led-the-way.com\/#organization\"},\"potentialAction\":[{\"@type\":\"SearchAction\",\"target\":{\"@type\":\"EntryPoint\",\"urlTemplate\":\"https:\/\/led-the-way.com\/?s={search_term_string}\"},\"query-input\":\"required name=search_term_string\"}],\"inLanguage\":\"en-US\"},{\"@type\":\"Organization\",\"@id\":\"https:\/\/led-the-way.com\/#organization\",\"name\":\"Led-the-way\",\"url\":\"https:\/\/led-the-way.com\/\",\"logo\":{\"@type\":\"ImageObject\",\"inLanguage\":\"en-US\",\"@id\":\"https:\/\/led-the-way.com\/#\/schema\/logo\/image\/\",\"url\":\"https:\/\/i1.wp.com\/led-the-way.com\/wp-content\/uploads\/2020\/02\/logo3.png?fit=350%2C70&ssl=1\",\"contentUrl\":\"https:\/\/i1.wp.com\/led-the-way.com\/wp-content\/uploads\/2020\/02\/logo3.png?fit=350%2C70&ssl=1\",\"width\":350,\"height\":70,\"caption\":\"Led-the-way\"},\"image\":{\"@id\":\"https:\/\/led-the-way.com\/#\/schema\/logo\/image\/\"},\"sameAs\":[\"https:\/\/web.facebook.com\/LED-THE-WAY-531227160363222\/?ref=bookmarks&amp;amp;amp;amp;amp;amp;amp;amp;amp;_rdc=1&amp;amp;amp;amp;amp;amp;amp;amp;amp;_rdr\"]}]}<\/script>\n<!-- \/ Yoast SEO Premium plugin. -->","yoast_head_json":{"title":"Bollard solaire aux DELs - Distributeur de produits aux DELs","description":"Bollard solaire aux DELs: Peut \u00eatre install\u00e9 dans vos zones publics, pour d\u00e9limiter un chemin, autour d'une piscine, stationnement, camping...","robots":{"index":"index","follow":"follow","max-snippet":"max-snippet:-1","max-image-preview":"max-image-preview:large","max-video-preview":"max-video-preview:-1"},"canonical":"https:\/\/led-the-way.com\/en\/product\/bollard-solaire-aux-dels\/","og_locale":"en_US","og_type":"article","og_title":"Bollard solaire aux DELs","og_description":"Bollard solaire aux DELs: Peut \u00eatre install\u00e9 dans vos zones publics, pour d\u00e9limiter un chemin, autour d'une piscine, stationnement, camping...","og_url":"https:\/\/led-the-way.com\/en\/product\/bollard-solaire-aux-dels\/","og_site_name":"Led-the-way","article_publisher":"https:\/\/web.facebook.com\/LED-THE-WAY-531227160363222\/?ref=bookmarks&amp%3bamp%3bamp%3bamp%3bamp%3bamp%3bamp%3bamp%3bamp%3b_rdc=1&amp%3bamp%3bamp%3bamp%3bamp%3bamp%3bamp%3bamp%3bamp%3b_rdr","article_modified_time":"2022-09-13T17:31:16+00:00","og_image":[{"width":255,"height":263,"url":"https:\/\/led-the-way.com\/wp-content\/uploads\/2020\/04\/bollard-3.png","type":"image\/png"}],"twitter_card":"summary_large_image","twitter_misc":{"Est. reading time":"1 minute"},"schema":{"@context":"https:\/\/schema.org","@graph":[{"@type":"WebPage","@id":"https:\/\/led-the-way.com\/product\/bollard-solaire-aux-dels\/","url":"https:\/\/led-the-way.com\/product\/bollard-solaire-aux-dels\/","name":"Bollard solaire aux DELs - Distributeur de produits aux DELs","isPartOf":{"@id":"https:\/\/led-the-way.com\/#website"},"datePublished":"2020-04-01T23:48:15+00:00","dateModified":"2022-09-13T17:31:16+00:00","description":"Bollard solaire aux DELs: Peut \u00eatre install\u00e9 dans vos zones publics, pour d\u00e9limiter un chemin, autour d'une piscine, stationnement, camping...","breadcrumb":{"@id":"https:\/\/led-the-way.com\/product\/bollard-solaire-aux-dels\/#breadcrumb"},"inLanguage":"en-US","potentialAction":[{"@type":"ReadAction","target":["https:\/\/led-the-way.com\/product\/bollard-solaire-aux-dels\/"]}]},{"@type":"BreadcrumbList","@id":"https:\/\/led-the-way.com\/product\/bollard-solaire-aux-dels\/#breadcrumb","itemListElement":[{"@type":"ListItem","position":1,"name":"Accueil","item":"https:\/\/led-the-way.com\/"},{"@type":"ListItem","position":2,"name":"Boutique DELS","item":"https:\/\/led-the-way.com\/boutique_de_produits_uniques_aux_dels\/"},{"@type":"ListItem","position":3,"name":"Bollard solaire aux DELs"}]},{"@type":"WebSite","@id":"https:\/\/led-the-way.com\/#website","url":"https:\/\/led-the-way.com\/","name":"Led-the-way","description":"&laquo; Cr&eacute;ez un monde de beaut&eacute; et de lumi&egrave;res &raquo;","publisher":{"@id":"https:\/\/led-the-way.com\/#organization"},"potentialAction":[{"@type":"SearchAction","target":{"@type":"EntryPoint","urlTemplate":"https:\/\/led-the-way.com\/?s={search_term_string}"},"query-input":"required name=search_term_string"}],"inLanguage":"en-US"},{"@type":"Organization","@id":"https:\/\/led-the-way.com\/#organization","name":"Led-the-way","url":"https:\/\/led-the-way.com\/","logo":{"@type":"ImageObject","inLanguage":"en-US","@id":"https:\/\/led-the-way.com\/#\/schema\/logo\/image\/","url":"https:\/\/i1.wp.com\/led-the-way.com\/wp-content\/uploads\/2020\/02\/logo3.png?fit=350%2C70&ssl=1","contentUrl":"https:\/\/i1.wp.com\/led-the-way.com\/wp-content\/uploads\/2020\/02\/logo3.png?fit=350%2C70&ssl=1","width":350,"height":70,"caption":"Led-the-way"},"image":{"@id":"https:\/\/led-the-way.com\/#\/schema\/logo\/image\/"},"sameAs":["https:\/\/web.facebook.com\/LED-THE-WAY-531227160363222\/?ref=bookmarks&amp;amp;amp;amp;amp;amp;amp;amp;amp;_rdc=1&amp;amp;amp;amp;amp;amp;amp;amp;amp;_rdr"]}]}},"jetpack_sharing_enabled":true,"jetpack_likes_enabled":true,"jetpack-related-posts":[],"_links":{"self":[{"href":"https:\/\/led-the-way.com\/en\/wp-json\/wp\/v2\/product\/850"}],"collection":[{"href":"https:\/\/led-the-way.com\/en\/wp-json\/wp\/v2\/product"}],"about":[{"href":"https:\/\/led-the-way.com\/en\/wp-json\/wp\/v2\/types\/product"}],"wp:featuredmedia":[{"embeddable":true,"href":"https:\/\/led-the-way.com\/en\/wp-json\/wp\/v2\/media\/851"}],"wp:attachment":[{"href":"https:\/\/led-the-way.com\/en\/wp-json\/wp\/v2\/media?parent=850"}],"wp:term":[{"taxonomy":"product_cat","embeddable":true,"href":"https:\/\/led-the-way.com\/en\/wp-json\/wp\/v2\/product_cat?post=850"},{"taxonomy":"product_tag","embeddable":true,"href":"https:\/\/led-the-way.com\/en\/wp-json\/wp\/v2\/product_tag?post=850"}],"curies":[{"name":"wp","href":"https:\/\/api.w.org\/{rel}","templated":true}]}}