{"id":739,"date":"2020-03-06T10:25:39","date_gmt":"2020-03-06T15:25:39","guid":{"rendered":"https:\/\/led-the-way.com\/?post_type=product&#038;p=739"},"modified":"2022-09-13T13:46:04","modified_gmt":"2022-09-13T17:46:04","slug":"boule-decorative-aux-dels-3","status":"publish","type":"product","link":"https:\/\/led-the-way.com\/en\/product\/boule-decorative-aux-dels-3\/","title":{"rendered":"Boule d\u00e9corative aux DELs (3)"},"content":{"rendered":"<p>Boule d\u00e9corative lumineuse aux DELs.\u00a0 Contactez-nous &#8211; Prix sur demande. Combinaisons illimit\u00e9es. Effets original garantie. Vous pouvez acheter ou louer<\/p>\n<ul>\n<li>Choix de couleurs vari\u00e9s<\/li>\n<li>Formes vari\u00e9es<\/li>\n<li>Accessoires (voiles, inscriptions personnalis\u00e9es &#8230; )<\/li>\n<\/ul>\n<p>&nbsp;<\/p>\n<p>&nbsp;<\/p>","protected":false},"excerpt":{"rendered":"<p>Boule d\u00e9corative lumineuse aux DELs.\u00a0 Contactez-nous &#8211; Prix sur demande. Combinaisons illimit\u00e9es. Effet original garantie. Vous pouvez acheter ou louer<\/p>","protected":false},"featured_media":740,"template":"","meta":{"jetpack_post_was_ever_published":false,"jetpack_publicize_message":"","jetpack_publicize_feature_enabled":true,"jetpack_social_post_already_shared":true,"jetpack_social_options":{"image_generator_settings":{"template":"highway","enabled":false}}},"product_cat":[92,123,45,71,69,70,56,73,32,74],"product_tag":[134,135,29,88,133],"jetpack_publicize_connections":[],"yoast_head":"<!-- This site is optimized with the Yoast SEO Premium plugin v20.9 (Yoast SEO v22.0) - https:\/\/yoast.com\/wordpress\/plugins\/seo\/ -->\n<title>Boule d\u00e9corative aux DELs (3) - Distributeur de produits aux DELs<\/title>\n<meta name=\"description\" content=\"Led-the-way - Cr\u00e9ez un monde de beaut\u00e9 et de lumi\u00e8res avec nos produits aux DELs qui refl\u00e8tent l&#039;avenir.\" \/>\n<meta name=\"robots\" content=\"index, follow, max-snippet:-1, max-image-preview:large, max-video-preview:-1\" \/>\n<link rel=\"canonical\" href=\"https:\/\/led-the-way.com\/en\/product\/boule-decorative-aux-dels-3\/\" \/>\n<meta property=\"og:locale\" content=\"en_US\" \/>\n<meta property=\"og:type\" content=\"article\" \/>\n<meta property=\"og:title\" content=\"Boule d\u00e9corative aux DELs (3)\" \/>\n<meta property=\"og:description\" content=\"Led-the-way - Cr\u00e9ez un monde de beaut\u00e9 et de lumi\u00e8res avec nos produits aux DELs qui refl\u00e8tent l&#039;avenir.\" \/>\n<meta property=\"og:url\" content=\"https:\/\/led-the-way.com\/en\/product\/boule-decorative-aux-dels-3\/\" \/>\n<meta property=\"og:site_name\" content=\"Led-the-way\" \/>\n<meta property=\"article:publisher\" content=\"https:\/\/web.facebook.com\/LED-THE-WAY-531227160363222\/?ref=bookmarks&amp;amp%3bamp%3bamp%3bamp%3bamp%3bamp%3bamp%3bamp%3bamp%3b_rdc=1&amp;amp%3bamp%3bamp%3bamp%3bamp%3bamp%3bamp%3bamp%3bamp%3b_rdr\" \/>\n<meta property=\"article:modified_time\" content=\"2022-09-13T17:46:04+00:00\" \/>\n<meta property=\"og:image\" content=\"https:\/\/led-the-way.com\/wp-content\/uploads\/2020\/03\/balloon-1.jpg\" \/>\n\t<meta property=\"og:image:width\" content=\"574\" \/>\n\t<meta property=\"og:image:height\" content=\"595\" \/>\n\t<meta property=\"og:image:type\" content=\"image\/jpeg\" \/>\n<meta name=\"twitter:card\" content=\"summary_large_image\" \/>\n<script type=\"application\/ld+json\" class=\"yoast-schema-graph\">{\"@context\":\"https:\/\/schema.org\",\"@graph\":[{\"@type\":\"WebPage\",\"@id\":\"https:\/\/led-the-way.com\/product\/boule-decorative-aux-dels-3\/\",\"url\":\"https:\/\/led-the-way.com\/product\/boule-decorative-aux-dels-3\/\",\"name\":\"Boule d\u00e9corative aux DELs (3) - Distributeur de produits aux DELs\",\"isPartOf\":{\"@id\":\"https:\/\/led-the-way.com\/#website\"},\"datePublished\":\"2020-03-06T15:25:39+00:00\",\"dateModified\":\"2022-09-13T17:46:04+00:00\",\"description\":\"Led-the-way - Cr\u00e9ez un monde de beaut\u00e9 et de lumi\u00e8res avec nos produits aux DELs qui refl\u00e8tent l'avenir.\",\"breadcrumb\":{\"@id\":\"https:\/\/led-the-way.com\/product\/boule-decorative-aux-dels-3\/#breadcrumb\"},\"inLanguage\":\"en-US\",\"potentialAction\":[{\"@type\":\"ReadAction\",\"target\":[\"https:\/\/led-the-way.com\/product\/boule-decorative-aux-dels-3\/\"]}]},{\"@type\":\"BreadcrumbList\",\"@id\":\"https:\/\/led-the-way.com\/product\/boule-decorative-aux-dels-3\/#breadcrumb\",\"itemListElement\":[{\"@type\":\"ListItem\",\"position\":1,\"name\":\"Accueil\",\"item\":\"https:\/\/led-the-way.com\/\"},{\"@type\":\"ListItem\",\"position\":2,\"name\":\"Boutique DELS\",\"item\":\"https:\/\/led-the-way.com\/boutique_de_produits_uniques_aux_dels\/\"},{\"@type\":\"ListItem\",\"position\":3,\"name\":\"Boule d\u00e9corative aux DELs (3)\"}]},{\"@type\":\"WebSite\",\"@id\":\"https:\/\/led-the-way.com\/#website\",\"url\":\"https:\/\/led-the-way.com\/\",\"name\":\"Led-the-way\",\"description\":\"&laquo; Cr&eacute;ez un monde de beaut&eacute; et de lumi&egrave;res &raquo;\",\"publisher\":{\"@id\":\"https:\/\/led-the-way.com\/#organization\"},\"potentialAction\":[{\"@type\":\"SearchAction\",\"target\":{\"@type\":\"EntryPoint\",\"urlTemplate\":\"https:\/\/led-the-way.com\/?s={search_term_string}\"},\"query-input\":\"required name=search_term_string\"}],\"inLanguage\":\"en-US\"},{\"@type\":\"Organization\",\"@id\":\"https:\/\/led-the-way.com\/#organization\",\"name\":\"Led-the-way\",\"url\":\"https:\/\/led-the-way.com\/\",\"logo\":{\"@type\":\"ImageObject\",\"inLanguage\":\"en-US\",\"@id\":\"https:\/\/led-the-way.com\/#\/schema\/logo\/image\/\",\"url\":\"https:\/\/i1.wp.com\/led-the-way.com\/wp-content\/uploads\/2020\/02\/logo3.png?fit=350%2C70&ssl=1\",\"contentUrl\":\"https:\/\/i1.wp.com\/led-the-way.com\/wp-content\/uploads\/2020\/02\/logo3.png?fit=350%2C70&ssl=1\",\"width\":350,\"height\":70,\"caption\":\"Led-the-way\"},\"image\":{\"@id\":\"https:\/\/led-the-way.com\/#\/schema\/logo\/image\/\"},\"sameAs\":[\"https:\/\/web.facebook.com\/LED-THE-WAY-531227160363222\/?ref=bookmarks&amp;amp;amp;amp;amp;amp;amp;amp;amp;_rdc=1&amp;amp;amp;amp;amp;amp;amp;amp;amp;_rdr\"]}]}<\/script>\n<!-- \/ Yoast SEO Premium plugin. -->","yoast_head_json":{"title":"Boule d\u00e9corative aux DELs (3) - Distributeur de produits aux DELs","description":"Led-the-way - Cr\u00e9ez un monde de beaut\u00e9 et de lumi\u00e8res avec nos produits aux DELs qui refl\u00e8tent l'avenir.","robots":{"index":"index","follow":"follow","max-snippet":"max-snippet:-1","max-image-preview":"max-image-preview:large","max-video-preview":"max-video-preview:-1"},"canonical":"https:\/\/led-the-way.com\/en\/product\/boule-decorative-aux-dels-3\/","og_locale":"en_US","og_type":"article","og_title":"Boule d\u00e9corative aux DELs (3)","og_description":"Led-the-way - Cr\u00e9ez un monde de beaut\u00e9 et de lumi\u00e8res avec nos produits aux DELs qui refl\u00e8tent l'avenir.","og_url":"https:\/\/led-the-way.com\/en\/product\/boule-decorative-aux-dels-3\/","og_site_name":"Led-the-way","article_publisher":"https:\/\/web.facebook.com\/LED-THE-WAY-531227160363222\/?ref=bookmarks&amp%3bamp%3bamp%3bamp%3bamp%3bamp%3bamp%3bamp%3bamp%3b_rdc=1&amp%3bamp%3bamp%3bamp%3bamp%3bamp%3bamp%3bamp%3bamp%3b_rdr","article_modified_time":"2022-09-13T17:46:04+00:00","og_image":[{"width":574,"height":595,"url":"https:\/\/led-the-way.com\/wp-content\/uploads\/2020\/03\/balloon-1.jpg","type":"image\/jpeg"}],"twitter_card":"summary_large_image","schema":{"@context":"https:\/\/schema.org","@graph":[{"@type":"WebPage","@id":"https:\/\/led-the-way.com\/product\/boule-decorative-aux-dels-3\/","url":"https:\/\/led-the-way.com\/product\/boule-decorative-aux-dels-3\/","name":"Boule d\u00e9corative aux DELs (3) - Distributeur de produits aux DELs","isPartOf":{"@id":"https:\/\/led-the-way.com\/#website"},"datePublished":"2020-03-06T15:25:39+00:00","dateModified":"2022-09-13T17:46:04+00:00","description":"Led-the-way - Cr\u00e9ez un monde de beaut\u00e9 et de lumi\u00e8res avec nos produits aux DELs qui refl\u00e8tent l'avenir.","breadcrumb":{"@id":"https:\/\/led-the-way.com\/product\/boule-decorative-aux-dels-3\/#breadcrumb"},"inLanguage":"en-US","potentialAction":[{"@type":"ReadAction","target":["https:\/\/led-the-way.com\/product\/boule-decorative-aux-dels-3\/"]}]},{"@type":"BreadcrumbList","@id":"https:\/\/led-the-way.com\/product\/boule-decorative-aux-dels-3\/#breadcrumb","itemListElement":[{"@type":"ListItem","position":1,"name":"Accueil","item":"https:\/\/led-the-way.com\/"},{"@type":"ListItem","position":2,"name":"Boutique DELS","item":"https:\/\/led-the-way.com\/boutique_de_produits_uniques_aux_dels\/"},{"@type":"ListItem","position":3,"name":"Boule d\u00e9corative aux DELs (3)"}]},{"@type":"WebSite","@id":"https:\/\/led-the-way.com\/#website","url":"https:\/\/led-the-way.com\/","name":"Led-the-way","description":"&laquo; Cr&eacute;ez un monde de beaut&eacute; et de lumi&egrave;res &raquo;","publisher":{"@id":"https:\/\/led-the-way.com\/#organization"},"potentialAction":[{"@type":"SearchAction","target":{"@type":"EntryPoint","urlTemplate":"https:\/\/led-the-way.com\/?s={search_term_string}"},"query-input":"required name=search_term_string"}],"inLanguage":"en-US"},{"@type":"Organization","@id":"https:\/\/led-the-way.com\/#organization","name":"Led-the-way","url":"https:\/\/led-the-way.com\/","logo":{"@type":"ImageObject","inLanguage":"en-US","@id":"https:\/\/led-the-way.com\/#\/schema\/logo\/image\/","url":"https:\/\/i1.wp.com\/led-the-way.com\/wp-content\/uploads\/2020\/02\/logo3.png?fit=350%2C70&ssl=1","contentUrl":"https:\/\/i1.wp.com\/led-the-way.com\/wp-content\/uploads\/2020\/02\/logo3.png?fit=350%2C70&ssl=1","width":350,"height":70,"caption":"Led-the-way"},"image":{"@id":"https:\/\/led-the-way.com\/#\/schema\/logo\/image\/"},"sameAs":["https:\/\/web.facebook.com\/LED-THE-WAY-531227160363222\/?ref=bookmarks&amp;amp;amp;amp;amp;amp;amp;amp;amp;_rdc=1&amp;amp;amp;amp;amp;amp;amp;amp;amp;_rdr"]}]}},"jetpack_sharing_enabled":true,"jetpack_likes_enabled":true,"jetpack-related-posts":[],"_links":{"self":[{"href":"https:\/\/led-the-way.com\/en\/wp-json\/wp\/v2\/product\/739"}],"collection":[{"href":"https:\/\/led-the-way.com\/en\/wp-json\/wp\/v2\/product"}],"about":[{"href":"https:\/\/led-the-way.com\/en\/wp-json\/wp\/v2\/types\/product"}],"wp:featuredmedia":[{"embeddable":true,"href":"https:\/\/led-the-way.com\/en\/wp-json\/wp\/v2\/media\/740"}],"wp:attachment":[{"href":"https:\/\/led-the-way.com\/en\/wp-json\/wp\/v2\/media?parent=739"}],"wp:term":[{"taxonomy":"product_cat","embeddable":true,"href":"https:\/\/led-the-way.com\/en\/wp-json\/wp\/v2\/product_cat?post=739"},{"taxonomy":"product_tag","embeddable":true,"href":"https:\/\/led-the-way.com\/en\/wp-json\/wp\/v2\/product_tag?post=739"}],"curies":[{"name":"wp","href":"https:\/\/api.w.org\/{rel}","templated":true}]}}