{"id":554,"date":"2020-03-05T14:44:10","date_gmt":"2020-03-05T19:44:10","guid":{"rendered":"https:\/\/led-the-way.com\/?post_type=product&#038;p=554"},"modified":"2022-09-13T13:40:39","modified_gmt":"2022-09-13T17:40:39","slug":"produits-de-securite-aux-dels-pour-animaux","status":"publish","type":"product","link":"https:\/\/led-the-way.com\/en\/product\/produits-de-securite-aux-dels-pour-animaux\/","title":{"rendered":"Produits de s\u00e9curit\u00e9 aux DELs pour animaux"},"content":{"rendered":"<p>Produits de s\u00e9curit\u00e9 aux DELs pour animaux. Encore une fois, LED-THE-WAY vous propose des produits non pas pour la signalisation mais bien pour la s\u00e9curit\u00e9. \u00a0Cette fois-ci pour la s\u00e9curit\u00e9 de vos\/nos animaux. \u00a0On les aime, on les ch\u00e9ri et maintenant on veille \u00e0 leur s\u00e9curit\u00e9. Chers propri\u00e9taires de chien ou de chat\u2026.voici le collier DELs qu\u2019il vous faut.<\/p>\n<p>L\u2019importance d\u2019avoir un Collier aux DELs pour animaux:<\/p>\n<p><strong>LA S\u00c9CURIT\u00c9<\/strong><\/p>\n<ul>\n<li>Se faire voir lorsque nous marchons avec notre animal le soir.<\/li>\n<li>Pouvoir le retracer si il se prom\u00e8ne non attach\u00e9 non loin de vous.<\/li>\n<\/ul>\n<p><strong>Il est offert en :<\/strong><\/p>\n<ul>\n<li>Plusieurs couleurs : rose, bleu p\u00e2le, noir, vert lime, rouge, jaune, orange<\/li>\n<li>Plusieurs grandeurs : s,m,l,xl<\/li>\n<li>3 modes<\/li>\n<li>Batterie d\u2019une dur\u00e9e de 300 hres<\/li>\n<\/ul>\n<p class=\" translation-block\"><span style=\"font-size: 100%;\">Les <a href=\"https:\/\/www.rncan.gc.ca\/energie\/produits\/reference\/15477\" target=\"_self\" rel=\"noopener\">produits<\/a> aux DELs refl\u00e8tent l\u2019avenir. Nous mettrons r\u00e9guli\u00e8rement en ligne de nouveaux produits. Consultez nos diff\u00e9rentes <a href=\"https:\/\/led-the-way.com\/boutique_dels\/\" target=\"_self\" rel=\"noopener\">cat\u00e9gories de produits<\/a> aux DELs. \u00c9v\u00e8nements. Signalisation. S\u00e9curit\u00e9. Loisirs. H\u00f4tellerie. Restauration. Maisons et jardins. Animaux, Commerces et services publiques, etc.<\/span><\/p>","protected":false},"excerpt":{"rendered":"<p>Produits de s\u00e9curit\u00e9 aux DELs pour animaux. Encore une fois, LED-THE-WAY vous propose des produits non pas pour la signalisation mais bien pour la s\u00e9curit\u00e9. \u00a0Cette fois-ci pour la s\u00e9curit\u00e9 de vos\/nos animaux. \u00a0On les aime, on les ch\u00e9ri et maintenant on veille \u00e0 leur s\u00e9curit\u00e9. Chers propri\u00e9taires de chien ou de chat\u2026.voici le collier DELs qu\u2019il vous faut.<\/p>","protected":false},"featured_media":548,"template":"","meta":{"jetpack_post_was_ever_published":false,"jetpack_publicize_message":"","jetpack_publicize_feature_enabled":true,"jetpack_social_post_already_shared":true,"jetpack_social_options":{"image_generator_settings":{"template":"highway","enabled":false}}},"product_cat":[60,22],"product_tag":[76,29,88,63],"jetpack_publicize_connections":[],"yoast_head":"<!-- This site is optimized with the Yoast SEO Premium plugin v20.9 (Yoast SEO v22.0) - https:\/\/yoast.com\/wordpress\/plugins\/seo\/ -->\n<title>Produits de s\u00e9curit\u00e9 aux DELs pour animaux - Led-the-way<\/title>\n<meta name=\"description\" content=\"Produits de s\u00e9curit\u00e9 aux DELs pour animaux. Se faire voir lorsque vous marchez avec votre animal le soir: le collier DELs s\u00e9curitaire.\" \/>\n<meta name=\"robots\" content=\"index, follow, max-snippet:-1, max-image-preview:large, max-video-preview:-1\" \/>\n<link rel=\"canonical\" href=\"https:\/\/led-the-way.com\/en\/product\/produits-de-securite-aux-dels-pour-animaux\/\" \/>\n<meta property=\"og:locale\" content=\"en_US\" \/>\n<meta property=\"og:type\" content=\"article\" \/>\n<meta property=\"og:title\" content=\"Produits de s\u00e9curit\u00e9 aux DELs pour animaux\" \/>\n<meta property=\"og:description\" content=\"Produits de s\u00e9curit\u00e9 aux DELs pour animaux. Se faire voir lorsque vous marchez avec votre animal le soir: le collier DELs s\u00e9curitaire.\" \/>\n<meta property=\"og:url\" content=\"https:\/\/led-the-way.com\/en\/product\/produits-de-securite-aux-dels-pour-animaux\/\" \/>\n<meta property=\"og:site_name\" content=\"Led-the-way\" \/>\n<meta property=\"article:publisher\" content=\"https:\/\/web.facebook.com\/LED-THE-WAY-531227160363222\/?ref=bookmarks&amp;amp%3bamp%3bamp%3bamp%3bamp%3bamp%3bamp%3bamp%3bamp%3b_rdc=1&amp;amp%3bamp%3bamp%3bamp%3bamp%3bamp%3bamp%3bamp%3bamp%3b_rdr\" \/>\n<meta property=\"article:modified_time\" content=\"2022-09-13T17:40:39+00:00\" \/>\n<meta property=\"og:image\" content=\"https:\/\/led-the-way.com\/wp-content\/uploads\/2014\/08\/led-pet-collar-5.jpg\" \/>\n\t<meta property=\"og:image:width\" content=\"950\" \/>\n\t<meta property=\"og:image:height\" content=\"562\" \/>\n\t<meta property=\"og:image:type\" content=\"image\/jpeg\" \/>\n<meta name=\"twitter:card\" content=\"summary_large_image\" \/>\n<meta name=\"twitter:label1\" content=\"Est. reading time\" \/>\n\t<meta name=\"twitter:data1\" content=\"1 minute\" \/>\n<script type=\"application\/ld+json\" class=\"yoast-schema-graph\">{\"@context\":\"https:\/\/schema.org\",\"@graph\":[{\"@type\":\"WebPage\",\"@id\":\"https:\/\/led-the-way.com\/product\/produits-de-securite-aux-dels-pour-animaux\/\",\"url\":\"https:\/\/led-the-way.com\/product\/produits-de-securite-aux-dels-pour-animaux\/\",\"name\":\"Produits de s\u00e9curit\u00e9 aux DELs pour animaux - Led-the-way\",\"isPartOf\":{\"@id\":\"https:\/\/led-the-way.com\/#website\"},\"datePublished\":\"2020-03-05T19:44:10+00:00\",\"dateModified\":\"2022-09-13T17:40:39+00:00\",\"description\":\"Produits de s\u00e9curit\u00e9 aux DELs pour animaux. Se faire voir lorsque vous marchez avec votre animal le soir: le collier DELs s\u00e9curitaire.\",\"breadcrumb\":{\"@id\":\"https:\/\/led-the-way.com\/product\/produits-de-securite-aux-dels-pour-animaux\/#breadcrumb\"},\"inLanguage\":\"en-US\",\"potentialAction\":[{\"@type\":\"ReadAction\",\"target\":[\"https:\/\/led-the-way.com\/product\/produits-de-securite-aux-dels-pour-animaux\/\"]}]},{\"@type\":\"BreadcrumbList\",\"@id\":\"https:\/\/led-the-way.com\/product\/produits-de-securite-aux-dels-pour-animaux\/#breadcrumb\",\"itemListElement\":[{\"@type\":\"ListItem\",\"position\":1,\"name\":\"Accueil\",\"item\":\"https:\/\/led-the-way.com\/\"},{\"@type\":\"ListItem\",\"position\":2,\"name\":\"Boutique DELS\",\"item\":\"https:\/\/led-the-way.com\/boutique_de_produits_uniques_aux_dels\/\"},{\"@type\":\"ListItem\",\"position\":3,\"name\":\"Produits de s\u00e9curit\u00e9 aux DELs pour animaux\"}]},{\"@type\":\"WebSite\",\"@id\":\"https:\/\/led-the-way.com\/#website\",\"url\":\"https:\/\/led-the-way.com\/\",\"name\":\"Led-the-way\",\"description\":\"&laquo; Cr&eacute;ez un monde de beaut&eacute; et de lumi&egrave;res &raquo;\",\"publisher\":{\"@id\":\"https:\/\/led-the-way.com\/#organization\"},\"potentialAction\":[{\"@type\":\"SearchAction\",\"target\":{\"@type\":\"EntryPoint\",\"urlTemplate\":\"https:\/\/led-the-way.com\/?s={search_term_string}\"},\"query-input\":\"required name=search_term_string\"}],\"inLanguage\":\"en-US\"},{\"@type\":\"Organization\",\"@id\":\"https:\/\/led-the-way.com\/#organization\",\"name\":\"Led-the-way\",\"url\":\"https:\/\/led-the-way.com\/\",\"logo\":{\"@type\":\"ImageObject\",\"inLanguage\":\"en-US\",\"@id\":\"https:\/\/led-the-way.com\/#\/schema\/logo\/image\/\",\"url\":\"https:\/\/i1.wp.com\/led-the-way.com\/wp-content\/uploads\/2020\/02\/logo3.png?fit=350%2C70&ssl=1\",\"contentUrl\":\"https:\/\/i1.wp.com\/led-the-way.com\/wp-content\/uploads\/2020\/02\/logo3.png?fit=350%2C70&ssl=1\",\"width\":350,\"height\":70,\"caption\":\"Led-the-way\"},\"image\":{\"@id\":\"https:\/\/led-the-way.com\/#\/schema\/logo\/image\/\"},\"sameAs\":[\"https:\/\/web.facebook.com\/LED-THE-WAY-531227160363222\/?ref=bookmarks&amp;amp;amp;amp;amp;amp;amp;amp;amp;_rdc=1&amp;amp;amp;amp;amp;amp;amp;amp;amp;_rdr\"]}]}<\/script>\n<!-- \/ Yoast SEO Premium plugin. -->","yoast_head_json":{"title":"Produits de s\u00e9curit\u00e9 aux DELs pour animaux - Led-the-way","description":"Produits de s\u00e9curit\u00e9 aux DELs pour animaux. Se faire voir lorsque vous marchez avec votre animal le soir: le collier DELs s\u00e9curitaire.","robots":{"index":"index","follow":"follow","max-snippet":"max-snippet:-1","max-image-preview":"max-image-preview:large","max-video-preview":"max-video-preview:-1"},"canonical":"https:\/\/led-the-way.com\/en\/product\/produits-de-securite-aux-dels-pour-animaux\/","og_locale":"en_US","og_type":"article","og_title":"Produits de s\u00e9curit\u00e9 aux DELs pour animaux","og_description":"Produits de s\u00e9curit\u00e9 aux DELs pour animaux. Se faire voir lorsque vous marchez avec votre animal le soir: le collier DELs s\u00e9curitaire.","og_url":"https:\/\/led-the-way.com\/en\/product\/produits-de-securite-aux-dels-pour-animaux\/","og_site_name":"Led-the-way","article_publisher":"https:\/\/web.facebook.com\/LED-THE-WAY-531227160363222\/?ref=bookmarks&amp%3bamp%3bamp%3bamp%3bamp%3bamp%3bamp%3bamp%3bamp%3b_rdc=1&amp%3bamp%3bamp%3bamp%3bamp%3bamp%3bamp%3bamp%3bamp%3b_rdr","article_modified_time":"2022-09-13T17:40:39+00:00","og_image":[{"width":950,"height":562,"url":"https:\/\/led-the-way.com\/wp-content\/uploads\/2014\/08\/led-pet-collar-5.jpg","type":"image\/jpeg"}],"twitter_card":"summary_large_image","twitter_misc":{"Est. reading time":"1 minute"},"schema":{"@context":"https:\/\/schema.org","@graph":[{"@type":"WebPage","@id":"https:\/\/led-the-way.com\/product\/produits-de-securite-aux-dels-pour-animaux\/","url":"https:\/\/led-the-way.com\/product\/produits-de-securite-aux-dels-pour-animaux\/","name":"Produits de s\u00e9curit\u00e9 aux DELs pour animaux - Led-the-way","isPartOf":{"@id":"https:\/\/led-the-way.com\/#website"},"datePublished":"2020-03-05T19:44:10+00:00","dateModified":"2022-09-13T17:40:39+00:00","description":"Produits de s\u00e9curit\u00e9 aux DELs pour animaux. Se faire voir lorsque vous marchez avec votre animal le soir: le collier DELs s\u00e9curitaire.","breadcrumb":{"@id":"https:\/\/led-the-way.com\/product\/produits-de-securite-aux-dels-pour-animaux\/#breadcrumb"},"inLanguage":"en-US","potentialAction":[{"@type":"ReadAction","target":["https:\/\/led-the-way.com\/product\/produits-de-securite-aux-dels-pour-animaux\/"]}]},{"@type":"BreadcrumbList","@id":"https:\/\/led-the-way.com\/product\/produits-de-securite-aux-dels-pour-animaux\/#breadcrumb","itemListElement":[{"@type":"ListItem","position":1,"name":"Accueil","item":"https:\/\/led-the-way.com\/"},{"@type":"ListItem","position":2,"name":"Boutique DELS","item":"https:\/\/led-the-way.com\/boutique_de_produits_uniques_aux_dels\/"},{"@type":"ListItem","position":3,"name":"Produits de s\u00e9curit\u00e9 aux DELs pour animaux"}]},{"@type":"WebSite","@id":"https:\/\/led-the-way.com\/#website","url":"https:\/\/led-the-way.com\/","name":"Led-the-way","description":"&laquo; Cr&eacute;ez un monde de beaut&eacute; et de lumi&egrave;res &raquo;","publisher":{"@id":"https:\/\/led-the-way.com\/#organization"},"potentialAction":[{"@type":"SearchAction","target":{"@type":"EntryPoint","urlTemplate":"https:\/\/led-the-way.com\/?s={search_term_string}"},"query-input":"required name=search_term_string"}],"inLanguage":"en-US"},{"@type":"Organization","@id":"https:\/\/led-the-way.com\/#organization","name":"Led-the-way","url":"https:\/\/led-the-way.com\/","logo":{"@type":"ImageObject","inLanguage":"en-US","@id":"https:\/\/led-the-way.com\/#\/schema\/logo\/image\/","url":"https:\/\/i1.wp.com\/led-the-way.com\/wp-content\/uploads\/2020\/02\/logo3.png?fit=350%2C70&ssl=1","contentUrl":"https:\/\/i1.wp.com\/led-the-way.com\/wp-content\/uploads\/2020\/02\/logo3.png?fit=350%2C70&ssl=1","width":350,"height":70,"caption":"Led-the-way"},"image":{"@id":"https:\/\/led-the-way.com\/#\/schema\/logo\/image\/"},"sameAs":["https:\/\/web.facebook.com\/LED-THE-WAY-531227160363222\/?ref=bookmarks&amp;amp;amp;amp;amp;amp;amp;amp;amp;_rdc=1&amp;amp;amp;amp;amp;amp;amp;amp;amp;_rdr"]}]}},"jetpack_sharing_enabled":true,"jetpack_likes_enabled":true,"jetpack-related-posts":[],"_links":{"self":[{"href":"https:\/\/led-the-way.com\/en\/wp-json\/wp\/v2\/product\/554"}],"collection":[{"href":"https:\/\/led-the-way.com\/en\/wp-json\/wp\/v2\/product"}],"about":[{"href":"https:\/\/led-the-way.com\/en\/wp-json\/wp\/v2\/types\/product"}],"wp:featuredmedia":[{"embeddable":true,"href":"https:\/\/led-the-way.com\/en\/wp-json\/wp\/v2\/media\/548"}],"wp:attachment":[{"href":"https:\/\/led-the-way.com\/en\/wp-json\/wp\/v2\/media?parent=554"}],"wp:term":[{"taxonomy":"product_cat","embeddable":true,"href":"https:\/\/led-the-way.com\/en\/wp-json\/wp\/v2\/product_cat?post=554"},{"taxonomy":"product_tag","embeddable":true,"href":"https:\/\/led-the-way.com\/en\/wp-json\/wp\/v2\/product_tag?post=554"}],"curies":[{"name":"wp","href":"https:\/\/api.w.org\/{rel}","templated":true}]}}