{"id":538,"date":"2020-03-05T12:54:48","date_gmt":"2020-03-05T17:54:48","guid":{"rendered":"https:\/\/led-the-way.com\/?post_type=product&#038;p=538"},"modified":"2022-09-13T13:37:14","modified_gmt":"2022-09-13T17:37:14","slug":"panneau-de-limitation-de-vitesse-aux-dels","status":"publish","type":"product","link":"https:\/\/led-the-way.com\/en\/product\/panneau-de-limitation-de-vitesse-aux-dels\/","title":{"rendered":"Panneau de limitation de vitesse aux DELs"},"content":{"rendered":"<p>Panneau de limitation de vitesse aux DELs. Panneau \u00ab\u00a0cl\u00e9 en main facilement programmable &#8211; Panneau radar de limitation de vitesse.<\/p>\n<ul>\n<li>Grandeur : 720 x 600 x 180 mm<\/li>\n<li>Panneau solaire : 60W (en option)<\/li>\n<li>Radar : 24.150 GHz K-band<\/li>\n<li>Le radar est ajustable facilement<\/li>\n<li>Distance de visibilit\u00e9 : 300 m<\/li>\n<li>D\u00e9tection du radar : 200 m<\/li>\n<li>Pellicule : 3M grade diamant<\/li>\n<li>Vitesse : 0 \u00e0 199 km\/h<\/li>\n<li>Couleur du DEL :rouge et\/ou vert<\/li>\n<li>Hauteur des DELS : 33 CM<\/li>\n<li>Poids : 12 kgs<\/li>\n<li>Garantie : 1 an compl\u00e8te<\/li>\n<li>OPTIONS\n<ul>\n<li>Logiciel de cueillette de donn\u00e9es<\/li>\n<li>Logiciel de communication sans fils<\/li>\n<li>Panneau solaire et batterie<\/li>\n<\/ul>\n<\/li>\n<\/ul>\n<p class=\" translation-block\"><span style=\"font-size: 100%;\">Les <a href=\"https:\/\/www.rncan.gc.ca\/energie\/produits\/reference\/15477\" target=\"_self\" rel=\"noopener\">produits<\/a> aux DELs refl\u00e8tent l\u2019avenir. Nous mettrons r\u00e9guli\u00e8rement en ligne de nouveaux produits. Consultez nos diff\u00e9rentes <a href=\"https:\/\/led-the-way.com\/boutique_dels\/\" target=\"_self\" rel=\"noopener\">cat\u00e9gories de produits<\/a> aux DELs. \u00c9v\u00e8nements. Signalisation. S\u00e9curit\u00e9. Loisirs. H\u00f4tellerie. Restauration. Maisons et jardins. Animaux, Commerces et services publiques, etc.<\/span><\/p>","protected":false},"excerpt":{"rendered":"<p>Panneau de limitation de vitesse aux DELs. Panneau \u00ab\u00a0cl\u00e9 en main facilement programmable &#8211; Panneau radar de limitation de vitesse. Le radar est ajustable facilement. Distance de visibilit\u00e9 : 300 m. D\u00e9tection du radar : 200 m<\/p>","protected":false},"featured_media":535,"template":"","meta":{"jetpack_post_was_ever_published":false,"jetpack_publicize_message":"","jetpack_publicize_feature_enabled":true,"jetpack_social_post_already_shared":true,"jetpack_social_options":{"image_generator_settings":{"template":"highway","enabled":false}}},"product_cat":[92,60,35],"product_tag":[29,44,88,101,99,63,81,98,100],"jetpack_publicize_connections":[],"yoast_head":"<!-- This site is optimized with the Yoast SEO Premium plugin v20.9 (Yoast SEO v22.0) - https:\/\/yoast.com\/wordpress\/plugins\/seo\/ -->\n<title>Panneau de limitation de vitesse aux DELs - Led-the-way<\/title>\n<meta name=\"description\" content=\"Panneau de limitation de vitesse aux DELs. Facile \u00e0 programmer. Distance de visibilit\u00e9 : 300 m. D\u00e9tection du radar : 200 m.\" \/>\n<meta name=\"robots\" content=\"index, follow, max-snippet:-1, max-image-preview:large, max-video-preview:-1\" \/>\n<link rel=\"canonical\" href=\"https:\/\/led-the-way.com\/en\/product\/panneau-de-limitation-de-vitesse-aux-dels\/\" \/>\n<meta property=\"og:locale\" content=\"en_US\" \/>\n<meta property=\"og:type\" content=\"article\" \/>\n<meta property=\"og:title\" content=\"Panneau de limitation de vitesse aux DELs\" \/>\n<meta property=\"og:description\" content=\"Panneau de limitation de vitesse aux DELs. Panneau &quot;cl\u00e9 en main facilement programmable - Panneau radar de limitation de vitesse. Le radar est ajustable facilement. Distance de visibilit\u00e9 : 300 m. D\u00e9tection du radar : 200 m\" \/>\n<meta property=\"og:url\" content=\"https:\/\/led-the-way.com\/en\/product\/panneau-de-limitation-de-vitesse-aux-dels\/\" \/>\n<meta property=\"og:site_name\" content=\"Led-the-way\" \/>\n<meta property=\"article:publisher\" content=\"https:\/\/web.facebook.com\/LED-THE-WAY-531227160363222\/?ref=bookmarks&amp;amp%3bamp%3bamp%3bamp%3bamp%3bamp%3bamp%3bamp%3bamp%3b_rdc=1&amp;amp%3bamp%3bamp%3bamp%3bamp%3bamp%3bamp%3bamp%3bamp%3b_rdr\" \/>\n<meta property=\"article:modified_time\" content=\"2022-09-13T17:37:14+00:00\" \/>\n<meta property=\"og:image\" content=\"https:\/\/led-the-way.com\/wp-content\/uploads\/2020\/03\/votre-vitesse-aux-dels.jpg\" \/>\n\t<meta property=\"og:image:width\" content=\"596\" \/>\n\t<meta property=\"og:image:height\" content=\"676\" \/>\n\t<meta property=\"og:image:type\" content=\"image\/jpeg\" \/>\n<meta name=\"twitter:card\" content=\"summary_large_image\" \/>\n<meta name=\"twitter:label1\" content=\"Est. reading time\" \/>\n\t<meta name=\"twitter:data1\" content=\"1 minute\" \/>\n<script type=\"application\/ld+json\" class=\"yoast-schema-graph\">{\"@context\":\"https:\/\/schema.org\",\"@graph\":[{\"@type\":\"WebPage\",\"@id\":\"https:\/\/led-the-way.com\/product\/panneau-de-limitation-de-vitesse-aux-dels\/\",\"url\":\"https:\/\/led-the-way.com\/product\/panneau-de-limitation-de-vitesse-aux-dels\/\",\"name\":\"Panneau de limitation de vitesse aux DELs - Led-the-way\",\"isPartOf\":{\"@id\":\"https:\/\/led-the-way.com\/#website\"},\"datePublished\":\"2020-03-05T17:54:48+00:00\",\"dateModified\":\"2022-09-13T17:37:14+00:00\",\"description\":\"Panneau de limitation de vitesse aux DELs. Facile \u00e0 programmer. Distance de visibilit\u00e9 : 300 m. D\u00e9tection du radar : 200 m.\",\"breadcrumb\":{\"@id\":\"https:\/\/led-the-way.com\/product\/panneau-de-limitation-de-vitesse-aux-dels\/#breadcrumb\"},\"inLanguage\":\"en-US\",\"potentialAction\":[{\"@type\":\"ReadAction\",\"target\":[\"https:\/\/led-the-way.com\/product\/panneau-de-limitation-de-vitesse-aux-dels\/\"]}]},{\"@type\":\"BreadcrumbList\",\"@id\":\"https:\/\/led-the-way.com\/product\/panneau-de-limitation-de-vitesse-aux-dels\/#breadcrumb\",\"itemListElement\":[{\"@type\":\"ListItem\",\"position\":1,\"name\":\"Accueil\",\"item\":\"https:\/\/led-the-way.com\/\"},{\"@type\":\"ListItem\",\"position\":2,\"name\":\"Boutique DELS\",\"item\":\"https:\/\/led-the-way.com\/boutique_de_produits_uniques_aux_dels\/\"},{\"@type\":\"ListItem\",\"position\":3,\"name\":\"Panneau de limitation de vitesse aux DELs\"}]},{\"@type\":\"WebSite\",\"@id\":\"https:\/\/led-the-way.com\/#website\",\"url\":\"https:\/\/led-the-way.com\/\",\"name\":\"Led-the-way\",\"description\":\"&laquo; Cr&eacute;ez un monde de beaut&eacute; et de lumi&egrave;res &raquo;\",\"publisher\":{\"@id\":\"https:\/\/led-the-way.com\/#organization\"},\"potentialAction\":[{\"@type\":\"SearchAction\",\"target\":{\"@type\":\"EntryPoint\",\"urlTemplate\":\"https:\/\/led-the-way.com\/?s={search_term_string}\"},\"query-input\":\"required name=search_term_string\"}],\"inLanguage\":\"en-US\"},{\"@type\":\"Organization\",\"@id\":\"https:\/\/led-the-way.com\/#organization\",\"name\":\"Led-the-way\",\"url\":\"https:\/\/led-the-way.com\/\",\"logo\":{\"@type\":\"ImageObject\",\"inLanguage\":\"en-US\",\"@id\":\"https:\/\/led-the-way.com\/#\/schema\/logo\/image\/\",\"url\":\"https:\/\/i1.wp.com\/led-the-way.com\/wp-content\/uploads\/2020\/02\/logo3.png?fit=350%2C70&ssl=1\",\"contentUrl\":\"https:\/\/i1.wp.com\/led-the-way.com\/wp-content\/uploads\/2020\/02\/logo3.png?fit=350%2C70&ssl=1\",\"width\":350,\"height\":70,\"caption\":\"Led-the-way\"},\"image\":{\"@id\":\"https:\/\/led-the-way.com\/#\/schema\/logo\/image\/\"},\"sameAs\":[\"https:\/\/web.facebook.com\/LED-THE-WAY-531227160363222\/?ref=bookmarks&amp;amp;amp;amp;amp;amp;amp;amp;amp;_rdc=1&amp;amp;amp;amp;amp;amp;amp;amp;amp;_rdr\"]}]}<\/script>\n<!-- \/ Yoast SEO Premium plugin. -->","yoast_head_json":{"title":"Panneau de limitation de vitesse aux DELs - Led-the-way","description":"Panneau de limitation de vitesse aux DELs. Facile \u00e0 programmer. Distance de visibilit\u00e9 : 300 m. D\u00e9tection du radar : 200 m.","robots":{"index":"index","follow":"follow","max-snippet":"max-snippet:-1","max-image-preview":"max-image-preview:large","max-video-preview":"max-video-preview:-1"},"canonical":"https:\/\/led-the-way.com\/en\/product\/panneau-de-limitation-de-vitesse-aux-dels\/","og_locale":"en_US","og_type":"article","og_title":"Panneau de limitation de vitesse aux DELs","og_description":"Panneau de limitation de vitesse aux DELs. Panneau \"cl\u00e9 en main facilement programmable - Panneau radar de limitation de vitesse. Le radar est ajustable facilement. Distance de visibilit\u00e9 : 300 m. D\u00e9tection du radar : 200 m","og_url":"https:\/\/led-the-way.com\/en\/product\/panneau-de-limitation-de-vitesse-aux-dels\/","og_site_name":"Led-the-way","article_publisher":"https:\/\/web.facebook.com\/LED-THE-WAY-531227160363222\/?ref=bookmarks&amp%3bamp%3bamp%3bamp%3bamp%3bamp%3bamp%3bamp%3bamp%3b_rdc=1&amp%3bamp%3bamp%3bamp%3bamp%3bamp%3bamp%3bamp%3bamp%3b_rdr","article_modified_time":"2022-09-13T17:37:14+00:00","og_image":[{"width":596,"height":676,"url":"https:\/\/led-the-way.com\/wp-content\/uploads\/2020\/03\/votre-vitesse-aux-dels.jpg","type":"image\/jpeg"}],"twitter_card":"summary_large_image","twitter_misc":{"Est. reading time":"1 minute"},"schema":{"@context":"https:\/\/schema.org","@graph":[{"@type":"WebPage","@id":"https:\/\/led-the-way.com\/product\/panneau-de-limitation-de-vitesse-aux-dels\/","url":"https:\/\/led-the-way.com\/product\/panneau-de-limitation-de-vitesse-aux-dels\/","name":"Panneau de limitation de vitesse aux DELs - Led-the-way","isPartOf":{"@id":"https:\/\/led-the-way.com\/#website"},"datePublished":"2020-03-05T17:54:48+00:00","dateModified":"2022-09-13T17:37:14+00:00","description":"Panneau de limitation de vitesse aux DELs. Facile \u00e0 programmer. Distance de visibilit\u00e9 : 300 m. D\u00e9tection du radar : 200 m.","breadcrumb":{"@id":"https:\/\/led-the-way.com\/product\/panneau-de-limitation-de-vitesse-aux-dels\/#breadcrumb"},"inLanguage":"en-US","potentialAction":[{"@type":"ReadAction","target":["https:\/\/led-the-way.com\/product\/panneau-de-limitation-de-vitesse-aux-dels\/"]}]},{"@type":"BreadcrumbList","@id":"https:\/\/led-the-way.com\/product\/panneau-de-limitation-de-vitesse-aux-dels\/#breadcrumb","itemListElement":[{"@type":"ListItem","position":1,"name":"Accueil","item":"https:\/\/led-the-way.com\/"},{"@type":"ListItem","position":2,"name":"Boutique DELS","item":"https:\/\/led-the-way.com\/boutique_de_produits_uniques_aux_dels\/"},{"@type":"ListItem","position":3,"name":"Panneau de limitation de vitesse aux DELs"}]},{"@type":"WebSite","@id":"https:\/\/led-the-way.com\/#website","url":"https:\/\/led-the-way.com\/","name":"Led-the-way","description":"&laquo; Cr&eacute;ez un monde de beaut&eacute; et de lumi&egrave;res &raquo;","publisher":{"@id":"https:\/\/led-the-way.com\/#organization"},"potentialAction":[{"@type":"SearchAction","target":{"@type":"EntryPoint","urlTemplate":"https:\/\/led-the-way.com\/?s={search_term_string}"},"query-input":"required name=search_term_string"}],"inLanguage":"en-US"},{"@type":"Organization","@id":"https:\/\/led-the-way.com\/#organization","name":"Led-the-way","url":"https:\/\/led-the-way.com\/","logo":{"@type":"ImageObject","inLanguage":"en-US","@id":"https:\/\/led-the-way.com\/#\/schema\/logo\/image\/","url":"https:\/\/i1.wp.com\/led-the-way.com\/wp-content\/uploads\/2020\/02\/logo3.png?fit=350%2C70&ssl=1","contentUrl":"https:\/\/i1.wp.com\/led-the-way.com\/wp-content\/uploads\/2020\/02\/logo3.png?fit=350%2C70&ssl=1","width":350,"height":70,"caption":"Led-the-way"},"image":{"@id":"https:\/\/led-the-way.com\/#\/schema\/logo\/image\/"},"sameAs":["https:\/\/web.facebook.com\/LED-THE-WAY-531227160363222\/?ref=bookmarks&amp;amp;amp;amp;amp;amp;amp;amp;amp;_rdc=1&amp;amp;amp;amp;amp;amp;amp;amp;amp;_rdr"]}]}},"jetpack_sharing_enabled":true,"jetpack_likes_enabled":true,"jetpack-related-posts":[],"_links":{"self":[{"href":"https:\/\/led-the-way.com\/en\/wp-json\/wp\/v2\/product\/538"}],"collection":[{"href":"https:\/\/led-the-way.com\/en\/wp-json\/wp\/v2\/product"}],"about":[{"href":"https:\/\/led-the-way.com\/en\/wp-json\/wp\/v2\/types\/product"}],"wp:featuredmedia":[{"embeddable":true,"href":"https:\/\/led-the-way.com\/en\/wp-json\/wp\/v2\/media\/535"}],"wp:attachment":[{"href":"https:\/\/led-the-way.com\/en\/wp-json\/wp\/v2\/media?parent=538"}],"wp:term":[{"taxonomy":"product_cat","embeddable":true,"href":"https:\/\/led-the-way.com\/en\/wp-json\/wp\/v2\/product_cat?post=538"},{"taxonomy":"product_tag","embeddable":true,"href":"https:\/\/led-the-way.com\/en\/wp-json\/wp\/v2\/product_tag?post=538"}],"curies":[{"name":"wp","href":"https:\/\/api.w.org\/{rel}","templated":true}]}}