{"id":532,"date":"2020-03-05T12:35:30","date_gmt":"2020-03-05T17:35:30","guid":{"rendered":"https:\/\/led-the-way.com\/?post_type=product&#038;p=532"},"modified":"2022-09-13T13:37:19","modified_gmt":"2022-09-13T17:37:19","slug":"arret-solaire-aux-dels","status":"publish","type":"product","link":"https:\/\/led-the-way.com\/en\/product\/arret-solaire-aux-dels\/","title":{"rendered":"Arr\u00eat solaire aux DELs"},"content":{"rendered":"<p>Arr\u00eat lumineux solaire aux DELs.<\/p>\n<ul>\n<li>Grandeur : 600 x 600<\/li>\n<li>Panneau solaire de 10 W<\/li>\n<li>Batterie : 12V, 7Ah lithium<\/li>\n<li>Pellicule : 3M grade ing\u00e9nieur prismatique<\/li>\n<li>Distance de visibilit\u00e9 : plus ou moins 1000 m\u00e8tres<\/li>\n<li>Fr\u00e9quence de clignotement : 30 clignotements \u00e0 la minute.<\/li>\n<\/ul>\n<p class=\" translation-block\"><span style=\"font-size: 100%;\">Les <a href=\"https:\/\/www.rncan.gc.ca\/energie\/produits\/reference\/15477\" target=\"_self\" rel=\"noopener\">produits<\/a> aux DELs refl\u00e8tent l\u2019avenir. Nous mettrons r\u00e9guli\u00e8rement en ligne de nouveaux produits. Consultez nos diff\u00e9rentes <a href=\"https:\/\/led-the-way.com\/boutique_dels\/\" target=\"_self\" rel=\"noopener\">cat\u00e9gories de produits<\/a> aux DELs. \u00c9v\u00e8nements. Signalisation. S\u00e9curit\u00e9. Loisirs. H\u00f4tellerie. Restauration. Maisons et jardins. Animaux, Commerces et services publiques, etc.<\/span><\/p>","protected":false},"excerpt":{"rendered":"<p>Arr\u00eat lumineux solaire aux DELs. Grandeur : 600 x 600. Panneau solaire de 10 W. Batterie : 12V, 7Ah lithium. Pellicule : 3M grade ing\u00e9nieur prismatique. Distance de visibilit\u00e9 : plus ou moins 1000 m\u00e8tres. Fr\u00e9quence de clignotement : 30 clignotements \u00e0 la minute.<\/p>","protected":false},"featured_media":533,"template":"","meta":{"jetpack_post_was_ever_published":false,"jetpack_publicize_message":"","jetpack_publicize_feature_enabled":true,"jetpack_social_post_already_shared":true,"jetpack_social_options":{"image_generator_settings":{"template":"highway","enabled":false}}},"product_cat":[60,35],"product_tag":[97,29,88,99,63,81,98,100],"jetpack_publicize_connections":[],"yoast_head":"<!-- This site is optimized with the Yoast SEO Premium plugin v20.9 (Yoast SEO v22.0) - https:\/\/yoast.com\/wordpress\/plugins\/seo\/ -->\n<title>Arr\u00eat solaire aux DELs - Distributeur de produits aux DELs<\/title>\n<meta name=\"description\" content=\"Arr\u00eat lumineux solaire aux DELs. Grandeur : 600 x 600. Panneau solaire de 10 W. Distance de visibilit\u00e9 : plus ou moins 1000 m\u00e8tres.\" \/>\n<meta name=\"robots\" content=\"index, follow, max-snippet:-1, max-image-preview:large, max-video-preview:-1\" \/>\n<link rel=\"canonical\" href=\"https:\/\/led-the-way.com\/en\/product\/arret-solaire-aux-dels\/\" \/>\n<meta property=\"og:locale\" content=\"en_US\" \/>\n<meta property=\"og:type\" content=\"article\" \/>\n<meta property=\"og:title\" content=\"Arr\u00eat solaire aux DELs\" \/>\n<meta property=\"og:description\" content=\"Arr\u00eat lumineux solaire aux DELs. Grandeur : 600 x 600. Panneau solaire de 10 W. Batterie : 12V, 7Ah lithium. Pellicule : 3M grade ing\u00e9nieur prismatique. Distance de visibilit\u00e9 : plus ou moins 1000 m\u00e8tres. Fr\u00e9quence de clignotement : 30 clignotements \u00e0 la minute.\" \/>\n<meta property=\"og:url\" content=\"https:\/\/led-the-way.com\/en\/product\/arret-solaire-aux-dels\/\" \/>\n<meta property=\"og:site_name\" content=\"Led-the-way\" \/>\n<meta property=\"article:publisher\" content=\"https:\/\/web.facebook.com\/LED-THE-WAY-531227160363222\/?ref=bookmarks&amp;amp%3bamp%3bamp%3bamp%3bamp%3bamp%3bamp%3bamp%3bamp%3b_rdc=1&amp;amp%3bamp%3bamp%3bamp%3bamp%3bamp%3bamp%3bamp%3bamp%3b_rdr\" \/>\n<meta property=\"article:modified_time\" content=\"2022-09-13T17:37:19+00:00\" \/>\n<meta property=\"og:image\" content=\"https:\/\/led-the-way.com\/wp-content\/uploads\/2020\/03\/arret-lumineux.jpg\" \/>\n\t<meta property=\"og:image:width\" content=\"960\" \/>\n\t<meta property=\"og:image:height\" content=\"679\" \/>\n\t<meta property=\"og:image:type\" content=\"image\/jpeg\" \/>\n<meta name=\"twitter:card\" content=\"summary_large_image\" \/>\n<meta name=\"twitter:label1\" content=\"Est. reading time\" \/>\n\t<meta name=\"twitter:data1\" content=\"1 minute\" \/>\n<script type=\"application\/ld+json\" class=\"yoast-schema-graph\">{\"@context\":\"https:\/\/schema.org\",\"@graph\":[{\"@type\":\"WebPage\",\"@id\":\"https:\/\/led-the-way.com\/product\/arret-solaire-aux-dels\/\",\"url\":\"https:\/\/led-the-way.com\/product\/arret-solaire-aux-dels\/\",\"name\":\"Arr\u00eat solaire aux DELs - Distributeur de produits aux DELs\",\"isPartOf\":{\"@id\":\"https:\/\/led-the-way.com\/#website\"},\"datePublished\":\"2020-03-05T17:35:30+00:00\",\"dateModified\":\"2022-09-13T17:37:19+00:00\",\"description\":\"Arr\u00eat lumineux solaire aux DELs. Grandeur : 600 x 600. Panneau solaire de 10 W. Distance de visibilit\u00e9 : plus ou moins 1000 m\u00e8tres.\",\"breadcrumb\":{\"@id\":\"https:\/\/led-the-way.com\/product\/arret-solaire-aux-dels\/#breadcrumb\"},\"inLanguage\":\"en-US\",\"potentialAction\":[{\"@type\":\"ReadAction\",\"target\":[\"https:\/\/led-the-way.com\/product\/arret-solaire-aux-dels\/\"]}]},{\"@type\":\"BreadcrumbList\",\"@id\":\"https:\/\/led-the-way.com\/product\/arret-solaire-aux-dels\/#breadcrumb\",\"itemListElement\":[{\"@type\":\"ListItem\",\"position\":1,\"name\":\"Accueil\",\"item\":\"https:\/\/led-the-way.com\/\"},{\"@type\":\"ListItem\",\"position\":2,\"name\":\"Boutique DELS\",\"item\":\"https:\/\/led-the-way.com\/boutique_de_produits_uniques_aux_dels\/\"},{\"@type\":\"ListItem\",\"position\":3,\"name\":\"Arr\u00eat solaire aux DELs\"}]},{\"@type\":\"WebSite\",\"@id\":\"https:\/\/led-the-way.com\/#website\",\"url\":\"https:\/\/led-the-way.com\/\",\"name\":\"Led-the-way\",\"description\":\"&laquo; Cr&eacute;ez un monde de beaut&eacute; et de lumi&egrave;res &raquo;\",\"publisher\":{\"@id\":\"https:\/\/led-the-way.com\/#organization\"},\"potentialAction\":[{\"@type\":\"SearchAction\",\"target\":{\"@type\":\"EntryPoint\",\"urlTemplate\":\"https:\/\/led-the-way.com\/?s={search_term_string}\"},\"query-input\":\"required name=search_term_string\"}],\"inLanguage\":\"en-US\"},{\"@type\":\"Organization\",\"@id\":\"https:\/\/led-the-way.com\/#organization\",\"name\":\"Led-the-way\",\"url\":\"https:\/\/led-the-way.com\/\",\"logo\":{\"@type\":\"ImageObject\",\"inLanguage\":\"en-US\",\"@id\":\"https:\/\/led-the-way.com\/#\/schema\/logo\/image\/\",\"url\":\"https:\/\/i1.wp.com\/led-the-way.com\/wp-content\/uploads\/2020\/02\/logo3.png?fit=350%2C70&ssl=1\",\"contentUrl\":\"https:\/\/i1.wp.com\/led-the-way.com\/wp-content\/uploads\/2020\/02\/logo3.png?fit=350%2C70&ssl=1\",\"width\":350,\"height\":70,\"caption\":\"Led-the-way\"},\"image\":{\"@id\":\"https:\/\/led-the-way.com\/#\/schema\/logo\/image\/\"},\"sameAs\":[\"https:\/\/web.facebook.com\/LED-THE-WAY-531227160363222\/?ref=bookmarks&amp;amp;amp;amp;amp;amp;amp;amp;amp;_rdc=1&amp;amp;amp;amp;amp;amp;amp;amp;amp;_rdr\"]}]}<\/script>\n<!-- \/ Yoast SEO Premium plugin. -->","yoast_head_json":{"title":"Arr\u00eat solaire aux DELs - Distributeur de produits aux DELs","description":"Arr\u00eat lumineux solaire aux DELs. Grandeur : 600 x 600. Panneau solaire de 10 W. Distance de visibilit\u00e9 : plus ou moins 1000 m\u00e8tres.","robots":{"index":"index","follow":"follow","max-snippet":"max-snippet:-1","max-image-preview":"max-image-preview:large","max-video-preview":"max-video-preview:-1"},"canonical":"https:\/\/led-the-way.com\/en\/product\/arret-solaire-aux-dels\/","og_locale":"en_US","og_type":"article","og_title":"Arr\u00eat solaire aux DELs","og_description":"Arr\u00eat lumineux solaire aux DELs. Grandeur : 600 x 600. Panneau solaire de 10 W. Batterie : 12V, 7Ah lithium. Pellicule : 3M grade ing\u00e9nieur prismatique. Distance de visibilit\u00e9 : plus ou moins 1000 m\u00e8tres. Fr\u00e9quence de clignotement : 30 clignotements \u00e0 la minute.","og_url":"https:\/\/led-the-way.com\/en\/product\/arret-solaire-aux-dels\/","og_site_name":"Led-the-way","article_publisher":"https:\/\/web.facebook.com\/LED-THE-WAY-531227160363222\/?ref=bookmarks&amp%3bamp%3bamp%3bamp%3bamp%3bamp%3bamp%3bamp%3bamp%3b_rdc=1&amp%3bamp%3bamp%3bamp%3bamp%3bamp%3bamp%3bamp%3bamp%3b_rdr","article_modified_time":"2022-09-13T17:37:19+00:00","og_image":[{"width":960,"height":679,"url":"https:\/\/led-the-way.com\/wp-content\/uploads\/2020\/03\/arret-lumineux.jpg","type":"image\/jpeg"}],"twitter_card":"summary_large_image","twitter_misc":{"Est. reading time":"1 minute"},"schema":{"@context":"https:\/\/schema.org","@graph":[{"@type":"WebPage","@id":"https:\/\/led-the-way.com\/product\/arret-solaire-aux-dels\/","url":"https:\/\/led-the-way.com\/product\/arret-solaire-aux-dels\/","name":"Arr\u00eat solaire aux DELs - Distributeur de produits aux DELs","isPartOf":{"@id":"https:\/\/led-the-way.com\/#website"},"datePublished":"2020-03-05T17:35:30+00:00","dateModified":"2022-09-13T17:37:19+00:00","description":"Arr\u00eat lumineux solaire aux DELs. Grandeur : 600 x 600. Panneau solaire de 10 W. Distance de visibilit\u00e9 : plus ou moins 1000 m\u00e8tres.","breadcrumb":{"@id":"https:\/\/led-the-way.com\/product\/arret-solaire-aux-dels\/#breadcrumb"},"inLanguage":"en-US","potentialAction":[{"@type":"ReadAction","target":["https:\/\/led-the-way.com\/product\/arret-solaire-aux-dels\/"]}]},{"@type":"BreadcrumbList","@id":"https:\/\/led-the-way.com\/product\/arret-solaire-aux-dels\/#breadcrumb","itemListElement":[{"@type":"ListItem","position":1,"name":"Accueil","item":"https:\/\/led-the-way.com\/"},{"@type":"ListItem","position":2,"name":"Boutique DELS","item":"https:\/\/led-the-way.com\/boutique_de_produits_uniques_aux_dels\/"},{"@type":"ListItem","position":3,"name":"Arr\u00eat solaire aux DELs"}]},{"@type":"WebSite","@id":"https:\/\/led-the-way.com\/#website","url":"https:\/\/led-the-way.com\/","name":"Led-the-way","description":"&laquo; Cr&eacute;ez un monde de beaut&eacute; et de lumi&egrave;res &raquo;","publisher":{"@id":"https:\/\/led-the-way.com\/#organization"},"potentialAction":[{"@type":"SearchAction","target":{"@type":"EntryPoint","urlTemplate":"https:\/\/led-the-way.com\/?s={search_term_string}"},"query-input":"required name=search_term_string"}],"inLanguage":"en-US"},{"@type":"Organization","@id":"https:\/\/led-the-way.com\/#organization","name":"Led-the-way","url":"https:\/\/led-the-way.com\/","logo":{"@type":"ImageObject","inLanguage":"en-US","@id":"https:\/\/led-the-way.com\/#\/schema\/logo\/image\/","url":"https:\/\/i1.wp.com\/led-the-way.com\/wp-content\/uploads\/2020\/02\/logo3.png?fit=350%2C70&ssl=1","contentUrl":"https:\/\/i1.wp.com\/led-the-way.com\/wp-content\/uploads\/2020\/02\/logo3.png?fit=350%2C70&ssl=1","width":350,"height":70,"caption":"Led-the-way"},"image":{"@id":"https:\/\/led-the-way.com\/#\/schema\/logo\/image\/"},"sameAs":["https:\/\/web.facebook.com\/LED-THE-WAY-531227160363222\/?ref=bookmarks&amp;amp;amp;amp;amp;amp;amp;amp;amp;_rdc=1&amp;amp;amp;amp;amp;amp;amp;amp;amp;_rdr"]}]}},"jetpack_sharing_enabled":true,"jetpack_likes_enabled":true,"jetpack-related-posts":[],"_links":{"self":[{"href":"https:\/\/led-the-way.com\/en\/wp-json\/wp\/v2\/product\/532"}],"collection":[{"href":"https:\/\/led-the-way.com\/en\/wp-json\/wp\/v2\/product"}],"about":[{"href":"https:\/\/led-the-way.com\/en\/wp-json\/wp\/v2\/types\/product"}],"wp:featuredmedia":[{"embeddable":true,"href":"https:\/\/led-the-way.com\/en\/wp-json\/wp\/v2\/media\/533"}],"wp:attachment":[{"href":"https:\/\/led-the-way.com\/en\/wp-json\/wp\/v2\/media?parent=532"}],"wp:term":[{"taxonomy":"product_cat","embeddable":true,"href":"https:\/\/led-the-way.com\/en\/wp-json\/wp\/v2\/product_cat?post=532"},{"taxonomy":"product_tag","embeddable":true,"href":"https:\/\/led-the-way.com\/en\/wp-json\/wp\/v2\/product_tag?post=532"}],"curies":[{"name":"wp","href":"https:\/\/api.w.org\/{rel}","templated":true}]}}