{"id":209,"date":"2013-07-06T11:02:40","date_gmt":"2013-07-06T15:02:40","guid":{"rendered":"http:\/\/flatsome.dev\/?post_type=product&#038;p=8269"},"modified":"2022-09-13T13:37:29","modified_gmt":"2022-09-13T17:37:29","slug":"clignotant-avec-panneau-solaire","status":"publish","type":"product","link":"https:\/\/led-the-way.com\/en\/product\/clignotant-avec-panneau-solaire\/","title":{"rendered":"Clignotant avec panneau solaire"},"content":{"rendered":"<p>Clignotant avec panneau solaire . Lumi\u00e8re de 12\u00a0\u00bb avec 95 DEL. Visibilit\u00e9 a plus ou moins 1000 m\u00e8tres. Parfait pour les municipalit\u00e9s, pour stationnements, chemins priv\u00e9s, garderies, cour etc.<\/p>\n<p class=\" translation-block\"><span style=\"font-size: 100%;\">Les <a href=\"https:\/\/www.rncan.gc.ca\/energie\/produits\/reference\/15477\" target=\"_self\" rel=\"noopener\">produits<\/a> aux DELs refl\u00e8tent l\u2019avenir. Nous mettrons r\u00e9guli\u00e8rement en ligne de nouveaux produits. Consultez nos diff\u00e9rentes <a href=\"https:\/\/led-the-way.com\/boutique_dels\/\" target=\"_self\" rel=\"noopener\">cat\u00e9gories de produits<\/a> aux DELs. \u00c9v\u00e8nements. Signalisation. S\u00e9curit\u00e9. Loisirs. H\u00f4tellerie. Restauration. Maisons et jardins. Animaux, Commerces et services publiques, etc.<\/span><\/p>","protected":false},"excerpt":{"rendered":"<p>Clignotant avec panneau solaire . Lumi\u00e8re de 12\u00a0\u00bb avec 95 DEL. Visibilit\u00e9 a plus ou moins 1000 m\u00e8tres. Parfait pour les municipalit\u00e9s, pour stationnements, chemins priv\u00e9s, garderies, cour etc.<\/p>\n<p class=\" translation-block\"><span style=\"font-size: 100%;\">Les <a href=\"https:\/\/www.rncan.gc.ca\/energie\/produits\/reference\/15477\" target=\"_self\" rel=\"noopener\">produits<\/a> aux DELs refl\u00e8tent l\u2019avenir. Nous mettrons r\u00e9guli\u00e8rement en ligne de nouveaux produits. Consultez nos diff\u00e9rentes <a href=\"https:\/\/led-the-way.com\/boutique_dels\/\" target=\"_self\" rel=\"noopener\">cat\u00e9gories de produits<\/a> aux DELs. \u00c9v\u00e8nements. Signalisation. S\u00e9curit\u00e9. Loisirs. H\u00f4tellerie. Restauration. Maisons et jardins. Animaux, Commerces et services publiques, etc.<\/span><\/p>","protected":false},"featured_media":489,"template":"","meta":{"jetpack_post_was_ever_published":false,"jetpack_publicize_message":"","jetpack_publicize_feature_enabled":true,"jetpack_social_post_already_shared":true,"jetpack_social_options":{"image_generator_settings":{"template":"highway","enabled":false}}},"product_cat":[92,60,35],"product_tag":[46,52,63,81],"jetpack_publicize_connections":[],"yoast_head":"<!-- This site is optimized with the Yoast SEO Premium plugin v20.9 (Yoast SEO v22.0) - https:\/\/yoast.com\/wordpress\/plugins\/seo\/ -->\n<title>Clignotant avec panneau solaire - Distributeur de produits aux DELs<\/title>\n<meta name=\"description\" content=\"Clignotant avec panneau solaire . Visibilit\u00e9 +- 1000 m\u00e8tres. Parfait pour les municipalit\u00e9s, stationnements, chemins priv\u00e9s, etc.\" \/>\n<meta name=\"robots\" content=\"index, follow, max-snippet:-1, max-image-preview:large, max-video-preview:-1\" \/>\n<link rel=\"canonical\" href=\"https:\/\/led-the-way.com\/en\/product\/clignotant-avec-panneau-solaire\/\" \/>\n<meta property=\"og:locale\" content=\"en_US\" \/>\n<meta property=\"og:type\" content=\"article\" \/>\n<meta property=\"og:title\" content=\"Clignotant avec panneau solaire\" \/>\n<meta property=\"og:description\" content=\"Clignotant avec panneau solaire . Lumi\u00e8re de 12&#039;&#039; avec 95 DEL. Visibilit\u00e9 a plus ou moins 1000 m\u00e8tres. Parfait pour les municipalit\u00e9s, pour stationnements, chemins priv\u00e9s, garderies, cour etc.Les produits aux DELs refl\u00e8tent l\u2019avenir. Nous mettrons r\u00e9guli\u00e8rement en ligne de nouveaux produits. Consultez nos diff\u00e9rentes cat\u00e9gories de produits aux DELs. \u00c9v\u00e8nements. Signalisation. S\u00e9curit\u00e9. Loisirs. H\u00f4tellerie. Restauration. Maisons et jardins. Animaux, Commerces et services publiques, etc.\" \/>\n<meta property=\"og:url\" content=\"https:\/\/led-the-way.com\/en\/product\/clignotant-avec-panneau-solaire\/\" \/>\n<meta property=\"og:site_name\" content=\"Led-the-way\" \/>\n<meta property=\"article:publisher\" content=\"https:\/\/web.facebook.com\/LED-THE-WAY-531227160363222\/?ref=bookmarks&amp;amp%3bamp%3bamp%3bamp%3bamp%3bamp%3bamp%3bamp%3bamp%3b_rdc=1&amp;amp%3bamp%3bamp%3bamp%3bamp%3bamp%3bamp%3bamp%3bamp%3b_rdr\" \/>\n<meta property=\"article:modified_time\" content=\"2022-09-13T17:37:29+00:00\" \/>\n<meta property=\"og:image\" content=\"https:\/\/led-the-way.com\/wp-content\/uploads\/2013\/07\/flasher-4.jpg\" \/>\n\t<meta property=\"og:image:width\" content=\"360\" \/>\n\t<meta property=\"og:image:height\" content=\"360\" \/>\n\t<meta property=\"og:image:type\" content=\"image\/jpeg\" \/>\n<meta name=\"twitter:card\" content=\"summary_large_image\" \/>\n<meta name=\"twitter:label1\" content=\"Est. reading time\" \/>\n\t<meta name=\"twitter:data1\" content=\"1 minute\" \/>\n<script type=\"application\/ld+json\" class=\"yoast-schema-graph\">{\"@context\":\"https:\/\/schema.org\",\"@graph\":[{\"@type\":\"WebPage\",\"@id\":\"https:\/\/led-the-way.com\/product\/clignotant-avec-panneau-solaire\/\",\"url\":\"https:\/\/led-the-way.com\/product\/clignotant-avec-panneau-solaire\/\",\"name\":\"Clignotant avec panneau solaire - Distributeur de produits aux DELs\",\"isPartOf\":{\"@id\":\"https:\/\/led-the-way.com\/#website\"},\"datePublished\":\"2013-07-06T15:02:40+00:00\",\"dateModified\":\"2022-09-13T17:37:29+00:00\",\"description\":\"Clignotant avec panneau solaire . Visibilit\u00e9 +- 1000 m\u00e8tres. Parfait pour les municipalit\u00e9s, stationnements, chemins priv\u00e9s, etc.\",\"breadcrumb\":{\"@id\":\"https:\/\/led-the-way.com\/product\/clignotant-avec-panneau-solaire\/#breadcrumb\"},\"inLanguage\":\"en-US\",\"potentialAction\":[{\"@type\":\"ReadAction\",\"target\":[\"https:\/\/led-the-way.com\/product\/clignotant-avec-panneau-solaire\/\"]}]},{\"@type\":\"BreadcrumbList\",\"@id\":\"https:\/\/led-the-way.com\/product\/clignotant-avec-panneau-solaire\/#breadcrumb\",\"itemListElement\":[{\"@type\":\"ListItem\",\"position\":1,\"name\":\"Accueil\",\"item\":\"https:\/\/led-the-way.com\/\"},{\"@type\":\"ListItem\",\"position\":2,\"name\":\"Boutique DELS\",\"item\":\"https:\/\/led-the-way.com\/boutique_de_produits_uniques_aux_dels\/\"},{\"@type\":\"ListItem\",\"position\":3,\"name\":\"Clignotant avec panneau solaire\"}]},{\"@type\":\"WebSite\",\"@id\":\"https:\/\/led-the-way.com\/#website\",\"url\":\"https:\/\/led-the-way.com\/\",\"name\":\"Led-the-way\",\"description\":\"&laquo; Cr&eacute;ez un monde de beaut&eacute; et de lumi&egrave;res &raquo;\",\"publisher\":{\"@id\":\"https:\/\/led-the-way.com\/#organization\"},\"potentialAction\":[{\"@type\":\"SearchAction\",\"target\":{\"@type\":\"EntryPoint\",\"urlTemplate\":\"https:\/\/led-the-way.com\/?s={search_term_string}\"},\"query-input\":\"required name=search_term_string\"}],\"inLanguage\":\"en-US\"},{\"@type\":\"Organization\",\"@id\":\"https:\/\/led-the-way.com\/#organization\",\"name\":\"Led-the-way\",\"url\":\"https:\/\/led-the-way.com\/\",\"logo\":{\"@type\":\"ImageObject\",\"inLanguage\":\"en-US\",\"@id\":\"https:\/\/led-the-way.com\/#\/schema\/logo\/image\/\",\"url\":\"https:\/\/i1.wp.com\/led-the-way.com\/wp-content\/uploads\/2020\/02\/logo3.png?fit=350%2C70&ssl=1\",\"contentUrl\":\"https:\/\/i1.wp.com\/led-the-way.com\/wp-content\/uploads\/2020\/02\/logo3.png?fit=350%2C70&ssl=1\",\"width\":350,\"height\":70,\"caption\":\"Led-the-way\"},\"image\":{\"@id\":\"https:\/\/led-the-way.com\/#\/schema\/logo\/image\/\"},\"sameAs\":[\"https:\/\/web.facebook.com\/LED-THE-WAY-531227160363222\/?ref=bookmarks&amp;amp;amp;amp;amp;amp;amp;amp;amp;_rdc=1&amp;amp;amp;amp;amp;amp;amp;amp;amp;_rdr\"]}]}<\/script>\n<!-- \/ Yoast SEO Premium plugin. -->","yoast_head_json":{"title":"Clignotant avec panneau solaire - Distributeur de produits aux DELs","description":"Clignotant avec panneau solaire . Visibilit\u00e9 +- 1000 m\u00e8tres. Parfait pour les municipalit\u00e9s, stationnements, chemins priv\u00e9s, etc.","robots":{"index":"index","follow":"follow","max-snippet":"max-snippet:-1","max-image-preview":"max-image-preview:large","max-video-preview":"max-video-preview:-1"},"canonical":"https:\/\/led-the-way.com\/en\/product\/clignotant-avec-panneau-solaire\/","og_locale":"en_US","og_type":"article","og_title":"Clignotant avec panneau solaire","og_description":"Clignotant avec panneau solaire . Lumi\u00e8re de 12'' avec 95 DEL. Visibilit\u00e9 a plus ou moins 1000 m\u00e8tres. Parfait pour les municipalit\u00e9s, pour stationnements, chemins priv\u00e9s, garderies, cour etc.Les produits aux DELs refl\u00e8tent l\u2019avenir. Nous mettrons r\u00e9guli\u00e8rement en ligne de nouveaux produits. Consultez nos diff\u00e9rentes cat\u00e9gories de produits aux DELs. \u00c9v\u00e8nements. Signalisation. S\u00e9curit\u00e9. Loisirs. H\u00f4tellerie. Restauration. Maisons et jardins. Animaux, Commerces et services publiques, etc.","og_url":"https:\/\/led-the-way.com\/en\/product\/clignotant-avec-panneau-solaire\/","og_site_name":"Led-the-way","article_publisher":"https:\/\/web.facebook.com\/LED-THE-WAY-531227160363222\/?ref=bookmarks&amp%3bamp%3bamp%3bamp%3bamp%3bamp%3bamp%3bamp%3bamp%3b_rdc=1&amp%3bamp%3bamp%3bamp%3bamp%3bamp%3bamp%3bamp%3bamp%3b_rdr","article_modified_time":"2022-09-13T17:37:29+00:00","og_image":[{"width":360,"height":360,"url":"https:\/\/led-the-way.com\/wp-content\/uploads\/2013\/07\/flasher-4.jpg","type":"image\/jpeg"}],"twitter_card":"summary_large_image","twitter_misc":{"Est. reading time":"1 minute"},"schema":{"@context":"https:\/\/schema.org","@graph":[{"@type":"WebPage","@id":"https:\/\/led-the-way.com\/product\/clignotant-avec-panneau-solaire\/","url":"https:\/\/led-the-way.com\/product\/clignotant-avec-panneau-solaire\/","name":"Clignotant avec panneau solaire - Distributeur de produits aux DELs","isPartOf":{"@id":"https:\/\/led-the-way.com\/#website"},"datePublished":"2013-07-06T15:02:40+00:00","dateModified":"2022-09-13T17:37:29+00:00","description":"Clignotant avec panneau solaire . Visibilit\u00e9 +- 1000 m\u00e8tres. Parfait pour les municipalit\u00e9s, stationnements, chemins priv\u00e9s, etc.","breadcrumb":{"@id":"https:\/\/led-the-way.com\/product\/clignotant-avec-panneau-solaire\/#breadcrumb"},"inLanguage":"en-US","potentialAction":[{"@type":"ReadAction","target":["https:\/\/led-the-way.com\/product\/clignotant-avec-panneau-solaire\/"]}]},{"@type":"BreadcrumbList","@id":"https:\/\/led-the-way.com\/product\/clignotant-avec-panneau-solaire\/#breadcrumb","itemListElement":[{"@type":"ListItem","position":1,"name":"Accueil","item":"https:\/\/led-the-way.com\/"},{"@type":"ListItem","position":2,"name":"Boutique DELS","item":"https:\/\/led-the-way.com\/boutique_de_produits_uniques_aux_dels\/"},{"@type":"ListItem","position":3,"name":"Clignotant avec panneau solaire"}]},{"@type":"WebSite","@id":"https:\/\/led-the-way.com\/#website","url":"https:\/\/led-the-way.com\/","name":"Led-the-way","description":"&laquo; Cr&eacute;ez un monde de beaut&eacute; et de lumi&egrave;res &raquo;","publisher":{"@id":"https:\/\/led-the-way.com\/#organization"},"potentialAction":[{"@type":"SearchAction","target":{"@type":"EntryPoint","urlTemplate":"https:\/\/led-the-way.com\/?s={search_term_string}"},"query-input":"required name=search_term_string"}],"inLanguage":"en-US"},{"@type":"Organization","@id":"https:\/\/led-the-way.com\/#organization","name":"Led-the-way","url":"https:\/\/led-the-way.com\/","logo":{"@type":"ImageObject","inLanguage":"en-US","@id":"https:\/\/led-the-way.com\/#\/schema\/logo\/image\/","url":"https:\/\/i1.wp.com\/led-the-way.com\/wp-content\/uploads\/2020\/02\/logo3.png?fit=350%2C70&ssl=1","contentUrl":"https:\/\/i1.wp.com\/led-the-way.com\/wp-content\/uploads\/2020\/02\/logo3.png?fit=350%2C70&ssl=1","width":350,"height":70,"caption":"Led-the-way"},"image":{"@id":"https:\/\/led-the-way.com\/#\/schema\/logo\/image\/"},"sameAs":["https:\/\/web.facebook.com\/LED-THE-WAY-531227160363222\/?ref=bookmarks&amp;amp;amp;amp;amp;amp;amp;amp;amp;_rdc=1&amp;amp;amp;amp;amp;amp;amp;amp;amp;_rdr"]}]}},"jetpack_sharing_enabled":true,"jetpack_likes_enabled":true,"jetpack-related-posts":[],"_links":{"self":[{"href":"https:\/\/led-the-way.com\/en\/wp-json\/wp\/v2\/product\/209"}],"collection":[{"href":"https:\/\/led-the-way.com\/en\/wp-json\/wp\/v2\/product"}],"about":[{"href":"https:\/\/led-the-way.com\/en\/wp-json\/wp\/v2\/types\/product"}],"wp:featuredmedia":[{"embeddable":true,"href":"https:\/\/led-the-way.com\/en\/wp-json\/wp\/v2\/media\/489"}],"wp:attachment":[{"href":"https:\/\/led-the-way.com\/en\/wp-json\/wp\/v2\/media?parent=209"}],"wp:term":[{"taxonomy":"product_cat","embeddable":true,"href":"https:\/\/led-the-way.com\/en\/wp-json\/wp\/v2\/product_cat?post=209"},{"taxonomy":"product_tag","embeddable":true,"href":"https:\/\/led-the-way.com\/en\/wp-json\/wp\/v2\/product_tag?post=209"}],"curies":[{"name":"wp","href":"https:\/\/api.w.org\/{rel}","templated":true}]}}