{"id":174,"date":"2014-08-08T20:57:29","date_gmt":"2014-08-09T00:57:29","guid":{"rendered":"http:\/\/uxthemes.wpengine.com\/?post_type=product&#038;p=132"},"modified":"2022-09-13T13:46:25","modified_gmt":"2022-09-13T17:46:25","slug":"decoration-de-mur-aux-dels","status":"publish","type":"product","link":"https:\/\/led-the-way.com\/en\/product\/decoration-de-mur-aux-dels\/","title":{"rendered":"D\u00e9coration de mur aux DELs"},"content":{"rendered":"<p class=\" translation-block\">D\u00e9coration de mur aux DELs. <strong>Prix sur demande<\/strong>. Une fa\u00e7on unique et originale de vous d\u00e9marquer. ** Autres tailles et puissance disponibles \u2013 il suffit de demander **. Plus de photos \u00e0 venir.<\/p>\n<ul>\n<li>Puissance: 36W &#8211; 36 pcs LED * 1W<\/li>\n<li>Puce DELs: Epistar<\/li>\n<li>Indice IP: IP67<\/li>\n<li>Tension d&rsquo;entr\u00e9e: 50 &#8211; 60 HZ<\/li>\n<li>Longueur d&rsquo;onde: rouge: 620-625 nm, vert 515-520 nm, bleu 465-470 nm<\/li>\n<li>Couleur \u00e9mettrice: multicolore &#8211; une seule couleur \u00e9galement disponible<\/li>\n<li>Mat\u00e9riel: alliage d&rsquo;aluminium + verre<\/li>\n<li>Taille: 1000 x 68 x 72 mm<\/li>\n<li>Dur\u00e9e de vie: plus de 5000 heures<\/li>\n<li>Poids: 3,8 kg<\/li>\n<\/ul>\n<p class=\" translation-block\"><span style=\"font-size: 100%;\">Les <a href=\"https:\/\/www.rncan.gc.ca\/energie\/produits\/reference\/15477\" target=\"_self\" rel=\"noopener\">produits<\/a> aux DELs refl\u00e8tent l\u2019avenir. Nous mettrons r\u00e9guli\u00e8rement en ligne de nouveaux produits. Consultez nos diff\u00e9rentes <a href=\"https:\/\/led-the-way.com\/boutique_dels\/\" target=\"_self\" rel=\"noopener\">cat\u00e9gories de produits<\/a> aux DELs. \u00c9v\u00e8nements. Signalisation. S\u00e9curit\u00e9. Loisirs. H\u00f4tellerie. Restauration. Maisons et jardins. Animaux, Commerces et services publiques, etc.<\/span><\/p>\n<p>&nbsp;<\/p>","protected":false},"excerpt":{"rendered":"<p class=\" translation-block\">D\u00e9coration de mur aux DELs. <strong>Prix sur demande<\/strong>. Une fa\u00e7on unique et originale de vous d\u00e9marquer. ** Autres tailles et puissance disponibles \u2013 il suffit de demander **. D\u00e9coration de mur aux DELs: Plus de photos \u00e0 venir.<\/p>","protected":false},"featured_media":713,"template":"","meta":{"jetpack_post_was_ever_published":false,"jetpack_publicize_message":"","jetpack_publicize_feature_enabled":true,"jetpack_social_post_already_shared":true,"jetpack_social_options":{"image_generator_settings":{"template":"highway","enabled":false}}},"product_cat":[72],"product_tag":[],"jetpack_publicize_connections":[],"yoast_head":"<!-- This site is optimized with the Yoast SEO Premium plugin v20.9 (Yoast SEO v22.0) - https:\/\/yoast.com\/wordpress\/plugins\/seo\/ -->\n<title>D\u00e9coration de mur aux DELs - Distributeur de produits aux DELs<\/title>\n<meta name=\"description\" content=\"D\u00e9coration de mur aux DELs. Prix sur demande. Une fa\u00e7on unique et originale de vous d\u00e9marquer. ** Autres tailles et puissance disponibles.\" \/>\n<meta name=\"robots\" content=\"index, follow, max-snippet:-1, max-image-preview:large, max-video-preview:-1\" \/>\n<link rel=\"canonical\" href=\"https:\/\/led-the-way.com\/en\/product\/decoration-de-mur-aux-dels\/\" \/>\n<meta property=\"og:locale\" content=\"en_US\" \/>\n<meta property=\"og:type\" content=\"article\" \/>\n<meta property=\"og:title\" content=\"D\u00e9coration de mur aux DELs\" \/>\n<meta property=\"og:description\" content=\"D\u00e9coration de mur aux DELs. Prix sur demande. Une fa\u00e7on unique et originale de vous d\u00e9marquer. ** Autres tailles et puissance disponibles - il suffit de demander **. Plus de photos \u00e0 venir.\" \/>\n<meta property=\"og:url\" content=\"https:\/\/led-the-way.com\/en\/product\/decoration-de-mur-aux-dels\/\" \/>\n<meta property=\"og:site_name\" content=\"Led-the-way\" \/>\n<meta property=\"article:publisher\" content=\"https:\/\/web.facebook.com\/LED-THE-WAY-531227160363222\/?ref=bookmarks&amp;amp%3bamp%3bamp%3bamp%3bamp%3bamp%3bamp%3bamp%3bamp%3b_rdc=1&amp;amp%3bamp%3bamp%3bamp%3bamp%3bamp%3bamp%3bamp%3bamp%3b_rdr\" \/>\n<meta property=\"article:modified_time\" content=\"2022-09-13T17:46:25+00:00\" \/>\n<meta property=\"og:image\" content=\"https:\/\/led-the-way.com\/wp-content\/uploads\/2014\/08\/wall-washer-1.JPG.jpg\" \/>\n\t<meta property=\"og:image:width\" content=\"1920\" \/>\n\t<meta property=\"og:image:height\" content=\"1280\" \/>\n\t<meta property=\"og:image:type\" content=\"image\/jpeg\" \/>\n<meta name=\"twitter:card\" content=\"summary_large_image\" \/>\n<meta name=\"twitter:label1\" content=\"Est. reading time\" \/>\n\t<meta name=\"twitter:data1\" content=\"1 minute\" \/>\n<script type=\"application\/ld+json\" class=\"yoast-schema-graph\">{\"@context\":\"https:\/\/schema.org\",\"@graph\":[{\"@type\":\"WebPage\",\"@id\":\"https:\/\/led-the-way.com\/product\/decoration-de-mur-aux-dels\/\",\"url\":\"https:\/\/led-the-way.com\/product\/decoration-de-mur-aux-dels\/\",\"name\":\"D\u00e9coration de mur aux DELs - Distributeur de produits aux DELs\",\"isPartOf\":{\"@id\":\"https:\/\/led-the-way.com\/#website\"},\"datePublished\":\"2014-08-09T00:57:29+00:00\",\"dateModified\":\"2022-09-13T17:46:25+00:00\",\"description\":\"D\u00e9coration de mur aux DELs. Prix sur demande. Une fa\u00e7on unique et originale de vous d\u00e9marquer. ** Autres tailles et puissance disponibles.\",\"breadcrumb\":{\"@id\":\"https:\/\/led-the-way.com\/product\/decoration-de-mur-aux-dels\/#breadcrumb\"},\"inLanguage\":\"en-US\",\"potentialAction\":[{\"@type\":\"ReadAction\",\"target\":[\"https:\/\/led-the-way.com\/product\/decoration-de-mur-aux-dels\/\"]}]},{\"@type\":\"BreadcrumbList\",\"@id\":\"https:\/\/led-the-way.com\/product\/decoration-de-mur-aux-dels\/#breadcrumb\",\"itemListElement\":[{\"@type\":\"ListItem\",\"position\":1,\"name\":\"Accueil\",\"item\":\"https:\/\/led-the-way.com\/\"},{\"@type\":\"ListItem\",\"position\":2,\"name\":\"Boutique DELS\",\"item\":\"https:\/\/led-the-way.com\/boutique_de_produits_uniques_aux_dels\/\"},{\"@type\":\"ListItem\",\"position\":3,\"name\":\"D\u00e9coration de mur aux DELs\"}]},{\"@type\":\"WebSite\",\"@id\":\"https:\/\/led-the-way.com\/#website\",\"url\":\"https:\/\/led-the-way.com\/\",\"name\":\"Led-the-way\",\"description\":\"&laquo; Cr&eacute;ez un monde de beaut&eacute; et de lumi&egrave;res &raquo;\",\"publisher\":{\"@id\":\"https:\/\/led-the-way.com\/#organization\"},\"potentialAction\":[{\"@type\":\"SearchAction\",\"target\":{\"@type\":\"EntryPoint\",\"urlTemplate\":\"https:\/\/led-the-way.com\/?s={search_term_string}\"},\"query-input\":\"required name=search_term_string\"}],\"inLanguage\":\"en-US\"},{\"@type\":\"Organization\",\"@id\":\"https:\/\/led-the-way.com\/#organization\",\"name\":\"Led-the-way\",\"url\":\"https:\/\/led-the-way.com\/\",\"logo\":{\"@type\":\"ImageObject\",\"inLanguage\":\"en-US\",\"@id\":\"https:\/\/led-the-way.com\/#\/schema\/logo\/image\/\",\"url\":\"https:\/\/i1.wp.com\/led-the-way.com\/wp-content\/uploads\/2020\/02\/logo3.png?fit=350%2C70&ssl=1\",\"contentUrl\":\"https:\/\/i1.wp.com\/led-the-way.com\/wp-content\/uploads\/2020\/02\/logo3.png?fit=350%2C70&ssl=1\",\"width\":350,\"height\":70,\"caption\":\"Led-the-way\"},\"image\":{\"@id\":\"https:\/\/led-the-way.com\/#\/schema\/logo\/image\/\"},\"sameAs\":[\"https:\/\/web.facebook.com\/LED-THE-WAY-531227160363222\/?ref=bookmarks&amp;amp;amp;amp;amp;amp;amp;amp;amp;_rdc=1&amp;amp;amp;amp;amp;amp;amp;amp;amp;_rdr\"]}]}<\/script>\n<!-- \/ Yoast SEO Premium plugin. -->","yoast_head_json":{"title":"D\u00e9coration de mur aux DELs - Distributeur de produits aux DELs","description":"D\u00e9coration de mur aux DELs. Prix sur demande. Une fa\u00e7on unique et originale de vous d\u00e9marquer. ** Autres tailles et puissance disponibles.","robots":{"index":"index","follow":"follow","max-snippet":"max-snippet:-1","max-image-preview":"max-image-preview:large","max-video-preview":"max-video-preview:-1"},"canonical":"https:\/\/led-the-way.com\/en\/product\/decoration-de-mur-aux-dels\/","og_locale":"en_US","og_type":"article","og_title":"D\u00e9coration de mur aux DELs","og_description":"D\u00e9coration de mur aux DELs. Prix sur demande. Une fa\u00e7on unique et originale de vous d\u00e9marquer. ** Autres tailles et puissance disponibles - il suffit de demander **. Plus de photos \u00e0 venir.","og_url":"https:\/\/led-the-way.com\/en\/product\/decoration-de-mur-aux-dels\/","og_site_name":"Led-the-way","article_publisher":"https:\/\/web.facebook.com\/LED-THE-WAY-531227160363222\/?ref=bookmarks&amp%3bamp%3bamp%3bamp%3bamp%3bamp%3bamp%3bamp%3bamp%3b_rdc=1&amp%3bamp%3bamp%3bamp%3bamp%3bamp%3bamp%3bamp%3bamp%3b_rdr","article_modified_time":"2022-09-13T17:46:25+00:00","og_image":[{"width":1920,"height":1280,"url":"https:\/\/led-the-way.com\/wp-content\/uploads\/2014\/08\/wall-washer-1.JPG.jpg","type":"image\/jpeg"}],"twitter_card":"summary_large_image","twitter_misc":{"Est. reading time":"1 minute"},"schema":{"@context":"https:\/\/schema.org","@graph":[{"@type":"WebPage","@id":"https:\/\/led-the-way.com\/product\/decoration-de-mur-aux-dels\/","url":"https:\/\/led-the-way.com\/product\/decoration-de-mur-aux-dels\/","name":"D\u00e9coration de mur aux DELs - Distributeur de produits aux DELs","isPartOf":{"@id":"https:\/\/led-the-way.com\/#website"},"datePublished":"2014-08-09T00:57:29+00:00","dateModified":"2022-09-13T17:46:25+00:00","description":"D\u00e9coration de mur aux DELs. Prix sur demande. Une fa\u00e7on unique et originale de vous d\u00e9marquer. ** Autres tailles et puissance disponibles.","breadcrumb":{"@id":"https:\/\/led-the-way.com\/product\/decoration-de-mur-aux-dels\/#breadcrumb"},"inLanguage":"en-US","potentialAction":[{"@type":"ReadAction","target":["https:\/\/led-the-way.com\/product\/decoration-de-mur-aux-dels\/"]}]},{"@type":"BreadcrumbList","@id":"https:\/\/led-the-way.com\/product\/decoration-de-mur-aux-dels\/#breadcrumb","itemListElement":[{"@type":"ListItem","position":1,"name":"Accueil","item":"https:\/\/led-the-way.com\/"},{"@type":"ListItem","position":2,"name":"Boutique DELS","item":"https:\/\/led-the-way.com\/boutique_de_produits_uniques_aux_dels\/"},{"@type":"ListItem","position":3,"name":"D\u00e9coration de mur aux DELs"}]},{"@type":"WebSite","@id":"https:\/\/led-the-way.com\/#website","url":"https:\/\/led-the-way.com\/","name":"Led-the-way","description":"&laquo; Cr&eacute;ez un monde de beaut&eacute; et de lumi&egrave;res &raquo;","publisher":{"@id":"https:\/\/led-the-way.com\/#organization"},"potentialAction":[{"@type":"SearchAction","target":{"@type":"EntryPoint","urlTemplate":"https:\/\/led-the-way.com\/?s={search_term_string}"},"query-input":"required name=search_term_string"}],"inLanguage":"en-US"},{"@type":"Organization","@id":"https:\/\/led-the-way.com\/#organization","name":"Led-the-way","url":"https:\/\/led-the-way.com\/","logo":{"@type":"ImageObject","inLanguage":"en-US","@id":"https:\/\/led-the-way.com\/#\/schema\/logo\/image\/","url":"https:\/\/i1.wp.com\/led-the-way.com\/wp-content\/uploads\/2020\/02\/logo3.png?fit=350%2C70&ssl=1","contentUrl":"https:\/\/i1.wp.com\/led-the-way.com\/wp-content\/uploads\/2020\/02\/logo3.png?fit=350%2C70&ssl=1","width":350,"height":70,"caption":"Led-the-way"},"image":{"@id":"https:\/\/led-the-way.com\/#\/schema\/logo\/image\/"},"sameAs":["https:\/\/web.facebook.com\/LED-THE-WAY-531227160363222\/?ref=bookmarks&amp;amp;amp;amp;amp;amp;amp;amp;amp;_rdc=1&amp;amp;amp;amp;amp;amp;amp;amp;amp;_rdr"]}]}},"jetpack_sharing_enabled":true,"jetpack_likes_enabled":true,"jetpack-related-posts":[],"_links":{"self":[{"href":"https:\/\/led-the-way.com\/en\/wp-json\/wp\/v2\/product\/174"}],"collection":[{"href":"https:\/\/led-the-way.com\/en\/wp-json\/wp\/v2\/product"}],"about":[{"href":"https:\/\/led-the-way.com\/en\/wp-json\/wp\/v2\/types\/product"}],"wp:featuredmedia":[{"embeddable":true,"href":"https:\/\/led-the-way.com\/en\/wp-json\/wp\/v2\/media\/713"}],"wp:attachment":[{"href":"https:\/\/led-the-way.com\/en\/wp-json\/wp\/v2\/media?parent=174"}],"wp:term":[{"taxonomy":"product_cat","embeddable":true,"href":"https:\/\/led-the-way.com\/en\/wp-json\/wp\/v2\/product_cat?post=174"},{"taxonomy":"product_tag","embeddable":true,"href":"https:\/\/led-the-way.com\/en\/wp-json\/wp\/v2\/product_tag?post=174"}],"curies":[{"name":"wp","href":"https:\/\/api.w.org\/{rel}","templated":true}]}}