{"id":1001,"date":"2021-02-24T12:07:49","date_gmt":"2021-02-24T17:07:49","guid":{"rendered":"https:\/\/led-the-way.com\/?post_type=product&#038;p=1001"},"modified":"2022-09-13T13:40:00","modified_gmt":"2022-09-13T17:40:00","slug":"delineateur-solaire-aluminium-jaune","status":"publish","type":"product","link":"https:\/\/led-the-way.com\/en\/product\/delineateur-solaire-aluminium-jaune\/","title":{"rendered":"D\u00e9lin\u00e9ateur solaire (aluminium jaune)"},"content":{"rendered":"<p class=\" translation-block\">D\u00e9lin\u00e9ateur solaire (aluminium jaune). R\u00e9flecteur de route offre une source lumineuse et autonome. Les d\u00e9lin\u00e9ateurs solaire peuvent \u00eatre install\u00e9s non seulement sur la <a href=\"https:\/\/fr.wikipedia.org\/wiki\/Dlinateur\" target=\"_self\" rel=\"noopener\">route<\/a>, mais dans n\u2019importe quel situation pour attirer l\u2019attention sur les dangers ou obstacles: escaliers, passages pi\u00e9tons, entr\u00e9es et sortie. D\u00e9lai de livraison : 10 jours ouvrables.<\/p>\n<div>\n<div>Dimension: 122*103*24mm<br \/>\nPoids: 0.34kg<br \/>\nPerles de lampe aux DEL&rsquo;s: 3pcs<br \/>\nEffet \u00e9clair\u00e9: flashing<br \/>\nMateriel: Aluminium<br \/>\nGrade IP: IP\u226567<br \/>\nTemp\u00e9rature de travail: -25\u2103 \u2014 75\u2103<br \/>\nCouleur DEL&rsquo;s: Jaune\/rouge\/blanc<br \/>\nPoids de r\u00e9sistance maximal: 26 tons<\/div>\n<div>Visibilit\u00e9: de plus que 500 m\u00e8tres.<\/div>\n<\/div>\n<div><\/div>\n<div class=\" translation-block\">Visitez notre <a href=\"https:\/\/led-the-way.com\/boutique_de_produits_uniques_aux_dels\/\" target=\"_self\" rel=\"noopener\">boutique en ligne<\/a> pour d\u00e9couvrir d\u2019autres cat\u00e9gories de produits professionnels.<\/div>\n<div><a href=\"https:\/\/led-the-way.com\/wp-content\/uploads\/2021\/02\/fiche-de\u0301line\u0301ateur.pdf\" target=\"_blank\" rel=\"noopener\"><strong>Cliquez ici pour consultez la fiche technique<\/strong><\/a><\/div>","protected":false},"excerpt":{"rendered":"<p class=\" translation-block\">D\u00e9lin\u00e9ateur solaire (aluminium jaune). R\u00e9flecteur de route offre une source lumineuse et autonome. Les d\u00e9lin\u00e9ateurs solaire peuvent \u00eatre install\u00e9s non seulement sur la route, mais dans n\u2019importe quel situation pour attirer l\u2019attention sur les dangers ou obstacles: escaliers, passages pi\u00e9tons, entr\u00e9es et sortie. D\u00e9lai de livraison : 10 jours ouvrables.&nbsp; <strong><a href=\"https:\/\/led-the-way.com\/wp-content\/uploads\/2021\/02\/fiche-de\u0301line\u0301ateur.pdf\" target=\"_self\" rel=\"noopener\">Cliquez ici pour consultez la fiche technique<\/a>.<\/strong><\/p>\n<p class=\" translation-block\">Visitez notre <a href=\"https:\/\/led-the-way.com\/boutique_de_produits_uniques_aux_dels\/\" target=\"_self\" rel=\"noopener\">boutique en ligne<\/a> pour d\u00e9couvrir d\u2019autres cat\u00e9gories de produits professionnels.<\/p>","protected":false},"featured_media":1003,"template":"","meta":{"jetpack_post_was_ever_published":false,"jetpack_publicize_message":"","jetpack_publicize_feature_enabled":true,"jetpack_social_post_already_shared":true,"jetpack_social_options":{"image_generator_settings":{"template":"highway","enabled":false}}},"product_cat":[92,175,35],"product_tag":[164,29,63,81,158,85],"jetpack_publicize_connections":[],"yoast_head":"<!-- This site is optimized with the Yoast SEO Premium plugin v20.9 (Yoast SEO v22.0) - https:\/\/yoast.com\/wordpress\/plugins\/seo\/ -->\n<title>D\u00e9lin\u00e9ateur solaire (aluminium jaune) - Distributeur de produits aux DELs<\/title>\n<meta name=\"description\" content=\"Led-the-way - D\u00e9lin\u00e9ateur solaire (aluminium jaune). R\u00e9flecteur de route offre une source lumineuse, autonome et excellente visibilit\u00e9.\" \/>\n<meta name=\"robots\" content=\"index, follow, max-snippet:-1, max-image-preview:large, max-video-preview:-1\" \/>\n<link rel=\"canonical\" href=\"https:\/\/led-the-way.com\/en\/product\/delineateur-solaire-aluminium-jaune\/\" \/>\n<meta property=\"og:locale\" content=\"en_US\" \/>\n<meta property=\"og:type\" content=\"article\" \/>\n<meta property=\"og:title\" content=\"D\u00e9lin\u00e9ateur solaire (aluminium jaune)\" \/>\n<meta property=\"og:description\" content=\"Led-the-way - D\u00e9lin\u00e9ateur solaire (aluminium jaune). R\u00e9flecteur de route offre une source lumineuse, autonome et excellente visibilit\u00e9.\" \/>\n<meta property=\"og:url\" content=\"https:\/\/led-the-way.com\/en\/product\/delineateur-solaire-aluminium-jaune\/\" \/>\n<meta property=\"og:site_name\" content=\"Led-the-way\" \/>\n<meta property=\"article:publisher\" content=\"https:\/\/web.facebook.com\/LED-THE-WAY-531227160363222\/?ref=bookmarks&amp;amp%3bamp%3bamp%3bamp%3bamp%3bamp%3bamp%3bamp%3bamp%3b_rdc=1&amp;amp%3bamp%3bamp%3bamp%3bamp%3bamp%3bamp%3bamp%3bamp%3b_rdr\" \/>\n<meta property=\"article:modified_time\" content=\"2022-09-13T17:40:00+00:00\" \/>\n<meta property=\"og:image\" content=\"https:\/\/led-the-way.com\/wp-content\/uploads\/2021\/02\/de\u0301line\u0301ateur-solaire-en-aluminium-jaune-2.jpg\" \/>\n\t<meta property=\"og:image:width\" content=\"600\" \/>\n\t<meta property=\"og:image:height\" content=\"600\" \/>\n\t<meta property=\"og:image:type\" content=\"image\/jpeg\" \/>\n<meta name=\"twitter:card\" content=\"summary_large_image\" \/>\n<meta name=\"twitter:label1\" content=\"Est. reading time\" \/>\n\t<meta name=\"twitter:data1\" content=\"1 minute\" \/>\n<script type=\"application\/ld+json\" class=\"yoast-schema-graph\">{\"@context\":\"https:\/\/schema.org\",\"@graph\":[{\"@type\":\"WebPage\",\"@id\":\"https:\/\/led-the-way.com\/product\/delineateur-solaire-aluminium-jaune\/\",\"url\":\"https:\/\/led-the-way.com\/product\/delineateur-solaire-aluminium-jaune\/\",\"name\":\"D\u00e9lin\u00e9ateur solaire (aluminium jaune) - Distributeur de produits aux DELs\",\"isPartOf\":{\"@id\":\"https:\/\/led-the-way.com\/#website\"},\"datePublished\":\"2021-02-24T17:07:49+00:00\",\"dateModified\":\"2022-09-13T17:40:00+00:00\",\"description\":\"Led-the-way - D\u00e9lin\u00e9ateur solaire (aluminium jaune). R\u00e9flecteur de route offre une source lumineuse, autonome et excellente visibilit\u00e9.\",\"breadcrumb\":{\"@id\":\"https:\/\/led-the-way.com\/product\/delineateur-solaire-aluminium-jaune\/#breadcrumb\"},\"inLanguage\":\"en-US\",\"potentialAction\":[{\"@type\":\"ReadAction\",\"target\":[\"https:\/\/led-the-way.com\/product\/delineateur-solaire-aluminium-jaune\/\"]}]},{\"@type\":\"BreadcrumbList\",\"@id\":\"https:\/\/led-the-way.com\/product\/delineateur-solaire-aluminium-jaune\/#breadcrumb\",\"itemListElement\":[{\"@type\":\"ListItem\",\"position\":1,\"name\":\"Accueil\",\"item\":\"https:\/\/led-the-way.com\/\"},{\"@type\":\"ListItem\",\"position\":2,\"name\":\"Boutique DELS\",\"item\":\"https:\/\/led-the-way.com\/boutique_de_produits_uniques_aux_dels\/\"},{\"@type\":\"ListItem\",\"position\":3,\"name\":\"D\u00e9lin\u00e9ateur solaire (aluminium jaune)\"}]},{\"@type\":\"WebSite\",\"@id\":\"https:\/\/led-the-way.com\/#website\",\"url\":\"https:\/\/led-the-way.com\/\",\"name\":\"Led-the-way\",\"description\":\"&laquo; Cr&eacute;ez un monde de beaut&eacute; et de lumi&egrave;res &raquo;\",\"publisher\":{\"@id\":\"https:\/\/led-the-way.com\/#organization\"},\"potentialAction\":[{\"@type\":\"SearchAction\",\"target\":{\"@type\":\"EntryPoint\",\"urlTemplate\":\"https:\/\/led-the-way.com\/?s={search_term_string}\"},\"query-input\":\"required name=search_term_string\"}],\"inLanguage\":\"en-US\"},{\"@type\":\"Organization\",\"@id\":\"https:\/\/led-the-way.com\/#organization\",\"name\":\"Led-the-way\",\"url\":\"https:\/\/led-the-way.com\/\",\"logo\":{\"@type\":\"ImageObject\",\"inLanguage\":\"en-US\",\"@id\":\"https:\/\/led-the-way.com\/#\/schema\/logo\/image\/\",\"url\":\"https:\/\/i1.wp.com\/led-the-way.com\/wp-content\/uploads\/2020\/02\/logo3.png?fit=350%2C70&ssl=1\",\"contentUrl\":\"https:\/\/i1.wp.com\/led-the-way.com\/wp-content\/uploads\/2020\/02\/logo3.png?fit=350%2C70&ssl=1\",\"width\":350,\"height\":70,\"caption\":\"Led-the-way\"},\"image\":{\"@id\":\"https:\/\/led-the-way.com\/#\/schema\/logo\/image\/\"},\"sameAs\":[\"https:\/\/web.facebook.com\/LED-THE-WAY-531227160363222\/?ref=bookmarks&amp;amp;amp;amp;amp;amp;amp;amp;amp;_rdc=1&amp;amp;amp;amp;amp;amp;amp;amp;amp;_rdr\"]}]}<\/script>\n<!-- \/ Yoast SEO Premium plugin. -->","yoast_head_json":{"title":"D\u00e9lin\u00e9ateur solaire (aluminium jaune) - Distributeur de produits aux DELs","description":"Led-the-way - D\u00e9lin\u00e9ateur solaire (aluminium jaune). R\u00e9flecteur de route offre une source lumineuse, autonome et excellente visibilit\u00e9.","robots":{"index":"index","follow":"follow","max-snippet":"max-snippet:-1","max-image-preview":"max-image-preview:large","max-video-preview":"max-video-preview:-1"},"canonical":"https:\/\/led-the-way.com\/en\/product\/delineateur-solaire-aluminium-jaune\/","og_locale":"en_US","og_type":"article","og_title":"D\u00e9lin\u00e9ateur solaire (aluminium jaune)","og_description":"Led-the-way - D\u00e9lin\u00e9ateur solaire (aluminium jaune). R\u00e9flecteur de route offre une source lumineuse, autonome et excellente visibilit\u00e9.","og_url":"https:\/\/led-the-way.com\/en\/product\/delineateur-solaire-aluminium-jaune\/","og_site_name":"Led-the-way","article_publisher":"https:\/\/web.facebook.com\/LED-THE-WAY-531227160363222\/?ref=bookmarks&amp%3bamp%3bamp%3bamp%3bamp%3bamp%3bamp%3bamp%3bamp%3b_rdc=1&amp%3bamp%3bamp%3bamp%3bamp%3bamp%3bamp%3bamp%3bamp%3b_rdr","article_modified_time":"2022-09-13T17:40:00+00:00","og_image":[{"width":600,"height":600,"url":"https:\/\/led-the-way.com\/wp-content\/uploads\/2021\/02\/de\u0301line\u0301ateur-solaire-en-aluminium-jaune-2.jpg","type":"image\/jpeg"}],"twitter_card":"summary_large_image","twitter_misc":{"Est. reading time":"1 minute"},"schema":{"@context":"https:\/\/schema.org","@graph":[{"@type":"WebPage","@id":"https:\/\/led-the-way.com\/product\/delineateur-solaire-aluminium-jaune\/","url":"https:\/\/led-the-way.com\/product\/delineateur-solaire-aluminium-jaune\/","name":"D\u00e9lin\u00e9ateur solaire (aluminium jaune) - Distributeur de produits aux DELs","isPartOf":{"@id":"https:\/\/led-the-way.com\/#website"},"datePublished":"2021-02-24T17:07:49+00:00","dateModified":"2022-09-13T17:40:00+00:00","description":"Led-the-way - D\u00e9lin\u00e9ateur solaire (aluminium jaune). R\u00e9flecteur de route offre une source lumineuse, autonome et excellente visibilit\u00e9.","breadcrumb":{"@id":"https:\/\/led-the-way.com\/product\/delineateur-solaire-aluminium-jaune\/#breadcrumb"},"inLanguage":"en-US","potentialAction":[{"@type":"ReadAction","target":["https:\/\/led-the-way.com\/product\/delineateur-solaire-aluminium-jaune\/"]}]},{"@type":"BreadcrumbList","@id":"https:\/\/led-the-way.com\/product\/delineateur-solaire-aluminium-jaune\/#breadcrumb","itemListElement":[{"@type":"ListItem","position":1,"name":"Accueil","item":"https:\/\/led-the-way.com\/"},{"@type":"ListItem","position":2,"name":"Boutique DELS","item":"https:\/\/led-the-way.com\/boutique_de_produits_uniques_aux_dels\/"},{"@type":"ListItem","position":3,"name":"D\u00e9lin\u00e9ateur solaire (aluminium jaune)"}]},{"@type":"WebSite","@id":"https:\/\/led-the-way.com\/#website","url":"https:\/\/led-the-way.com\/","name":"Led-the-way","description":"&laquo; Cr&eacute;ez un monde de beaut&eacute; et de lumi&egrave;res &raquo;","publisher":{"@id":"https:\/\/led-the-way.com\/#organization"},"potentialAction":[{"@type":"SearchAction","target":{"@type":"EntryPoint","urlTemplate":"https:\/\/led-the-way.com\/?s={search_term_string}"},"query-input":"required name=search_term_string"}],"inLanguage":"en-US"},{"@type":"Organization","@id":"https:\/\/led-the-way.com\/#organization","name":"Led-the-way","url":"https:\/\/led-the-way.com\/","logo":{"@type":"ImageObject","inLanguage":"en-US","@id":"https:\/\/led-the-way.com\/#\/schema\/logo\/image\/","url":"https:\/\/i1.wp.com\/led-the-way.com\/wp-content\/uploads\/2020\/02\/logo3.png?fit=350%2C70&ssl=1","contentUrl":"https:\/\/i1.wp.com\/led-the-way.com\/wp-content\/uploads\/2020\/02\/logo3.png?fit=350%2C70&ssl=1","width":350,"height":70,"caption":"Led-the-way"},"image":{"@id":"https:\/\/led-the-way.com\/#\/schema\/logo\/image\/"},"sameAs":["https:\/\/web.facebook.com\/LED-THE-WAY-531227160363222\/?ref=bookmarks&amp;amp;amp;amp;amp;amp;amp;amp;amp;_rdc=1&amp;amp;amp;amp;amp;amp;amp;amp;amp;_rdr"]}]}},"jetpack_sharing_enabled":true,"jetpack_likes_enabled":true,"jetpack-related-posts":[],"_links":{"self":[{"href":"https:\/\/led-the-way.com\/en\/wp-json\/wp\/v2\/product\/1001"}],"collection":[{"href":"https:\/\/led-the-way.com\/en\/wp-json\/wp\/v2\/product"}],"about":[{"href":"https:\/\/led-the-way.com\/en\/wp-json\/wp\/v2\/types\/product"}],"wp:featuredmedia":[{"embeddable":true,"href":"https:\/\/led-the-way.com\/en\/wp-json\/wp\/v2\/media\/1003"}],"wp:attachment":[{"href":"https:\/\/led-the-way.com\/en\/wp-json\/wp\/v2\/media?parent=1001"}],"wp:term":[{"taxonomy":"product_cat","embeddable":true,"href":"https:\/\/led-the-way.com\/en\/wp-json\/wp\/v2\/product_cat?post=1001"},{"taxonomy":"product_tag","embeddable":true,"href":"https:\/\/led-the-way.com\/en\/wp-json\/wp\/v2\/product_tag?post=1001"}],"curies":[{"name":"wp","href":"https:\/\/api.w.org\/{rel}","templated":true}]}}