{"id":93,"date":"2013-08-11T19:22:53","date_gmt":"2013-08-11T19:22:53","guid":{"rendered":"http:\/\/localhost:8888\/test\/?page_id=532"},"modified":"2022-09-13T10:13:35","modified_gmt":"2022-09-13T14:13:35","slug":"contact","status":"publish","type":"page","link":"https:\/\/led-the-way.com\/en\/contact\/","title":{"rendered":"Contact"},"content":{"rendered":"<div class=\"banner has-hover is-full-height\" id=\"banner-592173402\">\n          <div class=\"banner-inner fill\">\n        <div class=\"banner-bg fill\" >\n            <div class=\"bg fill bg-fill\"><\/div>\n                        <div class=\"overlay\"><\/div>            \n                    <\/div>\n\t\t\n        <div class=\"banner-layers container\">\n            <div class=\"fill banner-link\"><\/div>            \n   <div id=\"text-box-552109899\" class=\"text-box banner-layer x50 md-x50 lg-x50 y50 md-y50 lg-y50 res-text\">\n                                <div class=\"text-box-content text dark\">\n              \n              <div class=\"text-inner text-center\">\n                  \n<h1 class=\"uppercase\" style=\"text-align: center;\">CONTACTEZ-NOUS<\/h1>\n              <\/div>\n           <\/div>\n                            \n<style>\n#text-box-552109899 {\n  width: 60%;\n}\n#text-box-552109899 .text-box-content {\n  font-size: 100%;\n}\n<\/style>\n    <\/div>\n \n        <\/div>\n      <\/div>\n\n            \n<style>\n#banner-592173402 {\n  padding-top: 100%;\n}\n#banner-592173402 .bg.bg-loaded {\n  background-image: url(https:\/\/i0.wp.com\/led-the-way.com\/wp-content\/uploads\/2021\/01\/cover-contact.jpg?fit=945%2C629&ssl=1);\n}\n#banner-592173402 .overlay {\n  background-color: rgba(0, 0, 0, 0.17);\n}\n<\/style>\n  <\/div>\n\n\n<div class=\"row\"  id=\"row-919359712\">\n\n\t<div id=\"col-218518745\" class=\"col medium-6 large-6\"  >\n\t\t\t\t<div class=\"col-inner\"  >\n\t\t\t\n\t\t\t\n<div class=\"container section-title-container\" ><h3 class=\"section-title section-title-normal\"><b><\/b><span class=\"section-title-main\" >FOIRE AUX QUESTIONS<\/span><b><\/b><\/h3><\/div>\n<p class=\"lead\">Veuillez lire notre FAQ avant de nous envoyer un message.<\/p>\n<div class=\"accordion\">\n\t<div id=\"accordion-3576561574\" class=\"accordion-item\">\n\t\t<a id=\"accordion-3576561574-label\" class=\"accordion-title plain\" href=\"#accordion-item-quels-sont-les-frais-de-livraison-pour-les-commandes-de-la-boutique-en-ligne?\" aria-expanded=\"false\" aria-controls=\"accordion-3576561574-content\" >\n\t\t\t<button class=\"toggle\" aria-label=\"Toggle\"><i class=\"icon-angle-down\"><\/i><\/button>\n\t\t\t<span>Quels sont les frais de livraison pour les commandes de la boutique en ligne?<\/span>\n\t\t<\/a>\n\t\t<div id=\"accordion-3576561574-content\" class=\"accordion-inner\" aria-labelledby=\"accordion-3576561574-label\" >\n\t\t\t\n<p>Les frais sont \u00e9tablis via Postes Canada en fonction des dimensions et du poids. Un frais minimum de $18.99 s\u2019appliquera pour toutes les commandes.<\/p>\n\t\t<\/div>\n\t<\/div>\n\t\n\t<div id=\"accordion-1046707430\" class=\"accordion-item\">\n\t\t<a id=\"accordion-1046707430-label\" class=\"accordion-title plain\" href=\"#accordion-item-quels-modes-de-paiement-sont-accept\u00e9s-dans-la-boutique-en-ligne?\" aria-expanded=\"false\" aria-controls=\"accordion-1046707430-content\" >\n\t\t\t<button class=\"toggle\" aria-label=\"Toggle\"><i class=\"icon-angle-down\"><\/i><\/button>\n\t\t\t<span>Quels modes de paiement sont accept\u00e9s dans la boutique en ligne?<\/span>\n\t\t<\/a>\n\t\t<div id=\"accordion-1046707430-content\" class=\"accordion-inner\" aria-labelledby=\"accordion-1046707430-label\" >\n\t\t\t\n<p>Mode de paiement: STRIPE Standard vous re-dirigera vers STRIPE afin que vous saisissiez vos informations de paiement. Vous pouvez payer avec votre carte de cr\u00e9dit si vous n\u2019avez pas de compte STRIPE.<\/p>\n\t\t<\/div>\n\t<\/div>\n\t\n\t<div id=\"accordion-3512699818\" class=\"accordion-item\">\n\t\t<a id=\"accordion-3512699818-label\" class=\"accordion-title plain\" href=\"#accordion-item-la-livraison-va-prendre-combien-de-temps?\" aria-expanded=\"false\" aria-controls=\"accordion-3512699818-content\" >\n\t\t\t<button class=\"toggle\" aria-label=\"Toggle\"><i class=\"icon-angle-down\"><\/i><\/button>\n\t\t\t<span>La livraison va prendre combien de temps?<\/span>\n\t\t<\/a>\n\t\t<div id=\"accordion-3512699818-content\" class=\"accordion-inner\" aria-labelledby=\"accordion-3512699818-label\" >\n\t\t\t\n<p>Postes Canada estiment entre 5 et 7 jours de livraison.<\/p>\n\t\t<\/div>\n\t<\/div>\n\t\n\t<div id=\"accordion-1176655075\" class=\"accordion-item\">\n\t\t<a id=\"accordion-1176655075-label\" class=\"accordion-title plain\" href=\"#accordion-item-le-magasinage-en-ligne-est-il-s\u00e9curis\u00e9?-mes-donn\u00e9es-sont-elles-prot\u00e9g\u00e9es?\" aria-expanded=\"false\" aria-controls=\"accordion-1176655075-content\" >\n\t\t\t<button class=\"toggle\" aria-label=\"Toggle\"><i class=\"icon-angle-down\"><\/i><\/button>\n\t\t\t<span>Le magasinage en ligne est-il s\u00e9curis\u00e9? Mes donn\u00e9es sont-elles prot\u00e9g\u00e9es?<\/span>\n\t\t<\/a>\n\t\t<div id=\"accordion-1176655075-content\" class=\"accordion-inner\" aria-labelledby=\"accordion-1176655075-label\" >\n\t\t\t\n<p>Vos donn\u00e9es personnelles sont importantes. Nous avons inclus des mesures techniques telles que le chiffrement, des mesures de s\u00e9curit\u00e9 avec une authentification \u00e0 deux facteurs \u00e0 la protection des donn\u00e9es. Veuillez S.V.P\u00a0\u00bb prendre connaissance de notre\u00a0<a href=\"https:\/\/led-the-way.com\/en\/politique-de-confidentialite\/\"><strong>politique de confidentialit\u00e9<\/strong><\/a><\/p>\n\t\t<\/div>\n\t<\/div>\n\t\n\t<div id=\"accordion-73914700\" class=\"accordion-item\">\n\t\t<a id=\"accordion-73914700-label\" class=\"accordion-title plain\" href=\"#accordion-item-que-se-passe-t-il-exactement-apr\u00e8s-la-commande?\" aria-expanded=\"false\" aria-controls=\"accordion-73914700-content\" >\n\t\t\t<button class=\"toggle\" aria-label=\"Toggle\"><i class=\"icon-angle-down\"><\/i><\/button>\n\t\t\t<span>Que se passe-t-il exactement apr\u00e8s la commande?<\/span>\n\t\t<\/a>\n\t\t<div id=\"accordion-73914700-content\" class=\"accordion-inner\" aria-labelledby=\"accordion-73914700-label\" >\n\t\t\t\n<p>D\u00e8s que votre paiement sera confirm\u00e9, votre commande sera trait\u00e9 et la livraison sera achemin\u00e9e.<\/p>\n\t\t<\/div>\n\t<\/div>\n\t\n\t<div id=\"accordion-2996109762\" class=\"accordion-item\">\n\t\t<a id=\"accordion-2996109762-label\" class=\"accordion-title plain\" href=\"#accordion-item-est-ce-que-je-re\u00e7ois-une-facture-pour-ma-commande?\" aria-expanded=\"false\" aria-controls=\"accordion-2996109762-content\" >\n\t\t\t<button class=\"toggle\" aria-label=\"Toggle\"><i class=\"icon-angle-down\"><\/i><\/button>\n\t\t\t<span>Est-ce que je re\u00e7ois une facture pour ma commande?<\/span>\n\t\t<\/a>\n\t\t<div id=\"accordion-2996109762-content\" class=\"accordion-inner\" aria-labelledby=\"accordion-2996109762-label\" >\n\t\t\t\n<p>Oui vous recevrai une facture.<\/p>\n\t\t<\/div>\n\t<\/div>\n\t\n<\/div>\n\t\t<\/div>\n\t\t\t\t\t<\/div>\n\n\t\n\n\t<div id=\"col-842788417\" class=\"col medium-6 large-6\"  >\n\t\t\t\t<div class=\"col-inner\"  >\n\t\t\t\n\t\t\t\n<div class=\"container section-title-container\" ><h3 class=\"section-title section-title-normal\"><b><\/b><span class=\"section-title-main\" >CONTACTEZ-NOUS<\/span><b><\/b><\/h3><\/div>\n<div class=\"wpforms-container wpforms-container-full\" id=\"wpforms-867\"><form id=\"wpforms-form-867\" class=\"wpforms-validate wpforms-form\" data-formid=\"867\" method=\"post\" enctype=\"multipart\/form-data\" action=\"\/en\/wp-json\/wp\/v2\/pages\/93\" data-token=\"389c4d86083db12fe4f774e353d47cb7\" data-trp-original-action=\"\/en\/wp-json\/wp\/v2\/pages\/93\"><noscript class=\"wpforms-error-noscript\">Please enable JavaScript in your browser to complete this form.<\/noscript><div class=\"wpforms-field-container\"><div id=\"wpforms-867-field_1-container\" class=\"wpforms-field wpforms-field-name\" data-field-id=\"1\"><label class=\"wpforms-field-label\" for=\"wpforms-867-field_1\">Nom <span class=\"wpforms-required-label\">*<\/span><\/label><div class=\"wpforms-field-row wpforms-field-medium\"><div class=\"wpforms-field-row-block wpforms-first wpforms-one-half\"><input type=\"text\" id=\"wpforms-867-field_1\" class=\"wpforms-field-name-first wpforms-field-required\" name=\"wpforms[fields][1][first]\" required><label for=\"wpforms-867-field_1\" class=\"wpforms-field-sublabel after\">First<\/label><\/div><div class=\"wpforms-field-row-block wpforms-one-half\"><input type=\"text\" id=\"wpforms-867-field_1-last\" class=\"wpforms-field-name-last wpforms-field-required\" name=\"wpforms[fields][1][last]\" required><label for=\"wpforms-867-field_1-last\" class=\"wpforms-field-sublabel after\">Last<\/label><\/div><\/div><\/div><div id=\"wpforms-867-field_2-container\" class=\"wpforms-field wpforms-field-text\" data-field-id=\"2\"><label class=\"wpforms-field-label\" for=\"wpforms-867-field_2\">Nom de votre entreprise<\/label><input type=\"text\" id=\"wpforms-867-field_2\" class=\"wpforms-field-medium\" name=\"wpforms[fields][2]\" ><\/div><div id=\"wpforms-867-field_3-container\" class=\"wpforms-field wpforms-field-email\" data-field-id=\"3\"><label class=\"wpforms-field-label\" for=\"wpforms-867-field_3\">E-mail <span class=\"wpforms-required-label\">*<\/span><\/label><input type=\"email\" id=\"wpforms-867-field_3\" class=\"wpforms-field-medium wpforms-field-required\" name=\"wpforms[fields][3]\" spellcheck=\"false\" required><\/div><div id=\"wpforms-867-field_4-container\" class=\"wpforms-field wpforms-field-text\" data-field-id=\"4\"><label class=\"wpforms-field-label\" for=\"wpforms-867-field_4\">Votre message<\/label><input type=\"text\" id=\"wpforms-867-field_4\" class=\"wpforms-field-medium\" name=\"wpforms[fields][4]\" ><\/div><\/div><!-- .wpforms-field-container --><div class=\"wpforms-recaptcha-container wpforms-is-recaptcha wpforms-is-recaptcha-type-v3\" ><input type=\"hidden\" name=\"wpforms[recaptcha]\" value=\"\"><\/div><div class=\"wpforms-submit-container\" ><input type=\"hidden\" name=\"wpforms[id]\" value=\"867\"><input type=\"hidden\" name=\"wpforms[author]\" value=\"1\"><button type=\"submit\" name=\"wpforms[submit]\" id=\"wpforms-submit-867\" class=\"wpforms-submit\" aria-live=\"assertive\" value=\"wpforms-submit\">Envoyer<\/button><\/div><input type=\"hidden\" name=\"trp-form-language\" value=\"en\"\/><\/form><\/div>  <!-- .wpforms-container -->\n\t\t<\/div>\n\t\t\t\t\t<\/div>\n\n\t\n\n\t<div id=\"col-1344600198\" class=\"col medium-4 small-12 large-4\"  >\n\t\t\t\t<div class=\"col-inner\"  >\n\t\t\t\n\t\t\t\n\t\t<\/div>\n\t\t\t\t\t<\/div>\n\n\t\n<\/div>","protected":false},"excerpt":{"rendered":"","protected":false},"author":1,"featured_media":17,"parent":0,"menu_order":0,"comment_status":"closed","ping_status":"closed","template":"page-blank.php","meta":{"jetpack_post_was_ever_published":false,"footnotes":""},"yoast_head":"<!-- This site is optimized with the Yoast SEO Premium plugin v20.9 (Yoast SEO v22.0) - https:\/\/yoast.com\/wordpress\/plugins\/seo\/ -->\n<title>Contact - Distributeur de produits aux DELs<\/title>\n<meta name=\"description\" content=\"Led-the-way - Cr\u00e9ez un monde de beaut\u00e9 et de lumi\u00e8res avec nos produits aux DELs qui refl\u00e8tent l&#039;avenir.\" \/>\n<meta name=\"robots\" content=\"index, follow, max-snippet:-1, max-image-preview:large, max-video-preview:-1\" \/>\n<link rel=\"canonical\" href=\"https:\/\/led-the-way.com\/en\/contact\/\" \/>\n<meta property=\"og:locale\" content=\"en_US\" \/>\n<meta property=\"og:type\" content=\"article\" \/>\n<meta property=\"og:title\" content=\"Contact\" \/>\n<meta property=\"og:description\" content=\"Led-the-way - Cr\u00e9ez un monde de beaut\u00e9 et de lumi\u00e8res avec nos produits aux DELs qui refl\u00e8tent l&#039;avenir.\" \/>\n<meta property=\"og:url\" content=\"https:\/\/led-the-way.com\/en\/contact\/\" \/>\n<meta property=\"og:site_name\" content=\"Led-the-way\" \/>\n<meta property=\"article:publisher\" content=\"https:\/\/web.facebook.com\/LED-THE-WAY-531227160363222\/?ref=bookmarks&amp;amp%3bamp%3bamp%3bamp%3bamp%3bamp%3bamp%3bamp%3bamp%3b_rdc=1&amp;amp%3bamp%3bamp%3bamp%3bamp%3bamp%3bamp%3bamp%3bamp%3b_rdr\" \/>\n<meta property=\"article:modified_time\" content=\"2022-09-13T14:13:35+00:00\" \/>\n<meta property=\"og:image\" content=\"https:\/\/led-the-way.com\/wp-content\/uploads\/2016\/08\/dummy-1.jpg\" \/>\n\t<meta property=\"og:image:width\" content=\"400\" \/>\n\t<meta property=\"og:image:height\" content=\"260\" \/>\n\t<meta property=\"og:image:type\" content=\"image\/jpeg\" \/>\n<meta name=\"twitter:card\" content=\"summary_large_image\" \/>\n<meta name=\"twitter:label1\" content=\"Est. reading time\" \/>\n\t<meta name=\"twitter:data1\" content=\"2 minutes\" \/>\n<script type=\"application\/ld+json\" class=\"yoast-schema-graph\">{\"@context\":\"https:\/\/schema.org\",\"@graph\":[{\"@type\":\"WebPage\",\"@id\":\"https:\/\/led-the-way.com\/contact\/\",\"url\":\"https:\/\/led-the-way.com\/contact\/\",\"name\":\"Contact - Distributeur de produits aux DELs\",\"isPartOf\":{\"@id\":\"https:\/\/led-the-way.com\/#website\"},\"datePublished\":\"2013-08-11T19:22:53+00:00\",\"dateModified\":\"2022-09-13T14:13:35+00:00\",\"description\":\"Led-the-way - Cr\u00e9ez un monde de beaut\u00e9 et de lumi\u00e8res avec nos produits aux DELs qui refl\u00e8tent l'avenir.\",\"breadcrumb\":{\"@id\":\"https:\/\/led-the-way.com\/contact\/#breadcrumb\"},\"inLanguage\":\"en-US\",\"potentialAction\":[{\"@type\":\"ReadAction\",\"target\":[\"https:\/\/led-the-way.com\/contact\/\"]}]},{\"@type\":\"BreadcrumbList\",\"@id\":\"https:\/\/led-the-way.com\/contact\/#breadcrumb\",\"itemListElement\":[{\"@type\":\"ListItem\",\"position\":1,\"name\":\"Accueil\",\"item\":\"https:\/\/led-the-way.com\/\"},{\"@type\":\"ListItem\",\"position\":2,\"name\":\"Contact\"}]},{\"@type\":\"WebSite\",\"@id\":\"https:\/\/led-the-way.com\/#website\",\"url\":\"https:\/\/led-the-way.com\/\",\"name\":\"Led-the-way\",\"description\":\"&laquo; Cr&eacute;ez un monde de beaut&eacute; et de lumi&egrave;res &raquo;\",\"publisher\":{\"@id\":\"https:\/\/led-the-way.com\/#organization\"},\"potentialAction\":[{\"@type\":\"SearchAction\",\"target\":{\"@type\":\"EntryPoint\",\"urlTemplate\":\"https:\/\/led-the-way.com\/?s={search_term_string}\"},\"query-input\":\"required name=search_term_string\"}],\"inLanguage\":\"en-US\"},{\"@type\":\"Organization\",\"@id\":\"https:\/\/led-the-way.com\/#organization\",\"name\":\"Led-the-way\",\"url\":\"https:\/\/led-the-way.com\/\",\"logo\":{\"@type\":\"ImageObject\",\"inLanguage\":\"en-US\",\"@id\":\"https:\/\/led-the-way.com\/#\/schema\/logo\/image\/\",\"url\":\"https:\/\/i1.wp.com\/led-the-way.com\/wp-content\/uploads\/2020\/02\/logo3.png?fit=350%2C70&ssl=1\",\"contentUrl\":\"https:\/\/i1.wp.com\/led-the-way.com\/wp-content\/uploads\/2020\/02\/logo3.png?fit=350%2C70&ssl=1\",\"width\":350,\"height\":70,\"caption\":\"Led-the-way\"},\"image\":{\"@id\":\"https:\/\/led-the-way.com\/#\/schema\/logo\/image\/\"},\"sameAs\":[\"https:\/\/web.facebook.com\/LED-THE-WAY-531227160363222\/?ref=bookmarks&amp;amp;amp;amp;amp;amp;amp;amp;amp;_rdc=1&amp;amp;amp;amp;amp;amp;amp;amp;amp;_rdr\"]}]}<\/script>\n<!-- \/ Yoast SEO Premium plugin. -->","yoast_head_json":{"title":"Contact - Distributeur de produits aux DELs","description":"Led-the-way - Cr\u00e9ez un monde de beaut\u00e9 et de lumi\u00e8res avec nos produits aux DELs qui refl\u00e8tent l'avenir.","robots":{"index":"index","follow":"follow","max-snippet":"max-snippet:-1","max-image-preview":"max-image-preview:large","max-video-preview":"max-video-preview:-1"},"canonical":"https:\/\/led-the-way.com\/en\/contact\/","og_locale":"en_US","og_type":"article","og_title":"Contact","og_description":"Led-the-way - Cr\u00e9ez un monde de beaut\u00e9 et de lumi\u00e8res avec nos produits aux DELs qui refl\u00e8tent l'avenir.","og_url":"https:\/\/led-the-way.com\/en\/contact\/","og_site_name":"Led-the-way","article_publisher":"https:\/\/web.facebook.com\/LED-THE-WAY-531227160363222\/?ref=bookmarks&amp%3bamp%3bamp%3bamp%3bamp%3bamp%3bamp%3bamp%3bamp%3b_rdc=1&amp%3bamp%3bamp%3bamp%3bamp%3bamp%3bamp%3bamp%3bamp%3b_rdr","article_modified_time":"2022-09-13T14:13:35+00:00","og_image":[{"width":400,"height":260,"url":"https:\/\/led-the-way.com\/wp-content\/uploads\/2016\/08\/dummy-1.jpg","type":"image\/jpeg"}],"twitter_card":"summary_large_image","twitter_misc":{"Est. reading time":"2 minutes"},"schema":{"@context":"https:\/\/schema.org","@graph":[{"@type":"WebPage","@id":"https:\/\/led-the-way.com\/contact\/","url":"https:\/\/led-the-way.com\/contact\/","name":"Contact - Distributeur de produits aux DELs","isPartOf":{"@id":"https:\/\/led-the-way.com\/#website"},"datePublished":"2013-08-11T19:22:53+00:00","dateModified":"2022-09-13T14:13:35+00:00","description":"Led-the-way - Cr\u00e9ez un monde de beaut\u00e9 et de lumi\u00e8res avec nos produits aux DELs qui refl\u00e8tent l'avenir.","breadcrumb":{"@id":"https:\/\/led-the-way.com\/contact\/#breadcrumb"},"inLanguage":"en-US","potentialAction":[{"@type":"ReadAction","target":["https:\/\/led-the-way.com\/contact\/"]}]},{"@type":"BreadcrumbList","@id":"https:\/\/led-the-way.com\/contact\/#breadcrumb","itemListElement":[{"@type":"ListItem","position":1,"name":"Accueil","item":"https:\/\/led-the-way.com\/"},{"@type":"ListItem","position":2,"name":"Contact"}]},{"@type":"WebSite","@id":"https:\/\/led-the-way.com\/#website","url":"https:\/\/led-the-way.com\/","name":"Led-the-way","description":"&laquo; Cr&eacute;ez un monde de beaut&eacute; et de lumi&egrave;res &raquo;","publisher":{"@id":"https:\/\/led-the-way.com\/#organization"},"potentialAction":[{"@type":"SearchAction","target":{"@type":"EntryPoint","urlTemplate":"https:\/\/led-the-way.com\/?s={search_term_string}"},"query-input":"required name=search_term_string"}],"inLanguage":"en-US"},{"@type":"Organization","@id":"https:\/\/led-the-way.com\/#organization","name":"Led-the-way","url":"https:\/\/led-the-way.com\/","logo":{"@type":"ImageObject","inLanguage":"en-US","@id":"https:\/\/led-the-way.com\/#\/schema\/logo\/image\/","url":"https:\/\/i1.wp.com\/led-the-way.com\/wp-content\/uploads\/2020\/02\/logo3.png?fit=350%2C70&ssl=1","contentUrl":"https:\/\/i1.wp.com\/led-the-way.com\/wp-content\/uploads\/2020\/02\/logo3.png?fit=350%2C70&ssl=1","width":350,"height":70,"caption":"Led-the-way"},"image":{"@id":"https:\/\/led-the-way.com\/#\/schema\/logo\/image\/"},"sameAs":["https:\/\/web.facebook.com\/LED-THE-WAY-531227160363222\/?ref=bookmarks&amp;amp;amp;amp;amp;amp;amp;amp;amp;_rdc=1&amp;amp;amp;amp;amp;amp;amp;amp;amp;_rdr"]}]}},"jetpack_sharing_enabled":true,"jetpack_likes_enabled":true,"jetpack-related-posts":[],"_links":{"self":[{"href":"https:\/\/led-the-way.com\/en\/wp-json\/wp\/v2\/pages\/93"}],"collection":[{"href":"https:\/\/led-the-way.com\/en\/wp-json\/wp\/v2\/pages"}],"about":[{"href":"https:\/\/led-the-way.com\/en\/wp-json\/wp\/v2\/types\/page"}],"author":[{"embeddable":true,"href":"https:\/\/led-the-way.com\/en\/wp-json\/wp\/v2\/users\/1"}],"replies":[{"embeddable":true,"href":"https:\/\/led-the-way.com\/en\/wp-json\/wp\/v2\/comments?post=93"}],"version-history":[{"count":0,"href":"https:\/\/led-the-way.com\/en\/wp-json\/wp\/v2\/pages\/93\/revisions"}],"wp:featuredmedia":[{"embeddable":true,"href":"https:\/\/led-the-way.com\/en\/wp-json\/wp\/v2\/media\/17"}],"wp:attachment":[{"href":"https:\/\/led-the-way.com\/en\/wp-json\/wp\/v2\/media?parent=93"}],"curies":[{"name":"wp","href":"https:\/\/api.w.org\/{rel}","templated":true}]}}