{"id":69,"date":"2015-11-19T10:40:52","date_gmt":"2015-11-19T10:40:52","guid":{"rendered":"http:\/\/flatsome.dev\/shop\/"},"modified":"2022-09-13T12:20:28","modified_gmt":"2022-09-13T16:20:28","slug":"boutique_de_produits_uniques_aux_dels","status":"publish","type":"page","link":"https:\/\/led-the-way.com\/en\/boutique_de_produits_uniques_aux_dels\/","title":{"rendered":"Boutique DELS"},"content":{"rendered":"<p><span style=\"font-size: 100%;\">Led-the-way est un distributeur vous offrant une boutique de <a href=\"https:\/\/www.rncan.gc.ca\/energie\/produits\/reference\/15477\" target=\"_blank\" rel=\"noopener\">produits uniques<\/a> aux DELS qui refl\u00e8tent l\u2019avenir. Consultez nos diff\u00e9rentes <a href=\"https:\/\/led-the-way.com\/en\/boutique_dels\/\" target=\"_blank\" rel=\"noopener\">cat\u00e9gories de produits<\/a> aux DELs. Veuillez noter que les taxes ne sont pas incluses dans le prix et que des frais de transport de $18.99 s&rsquo;appliqueront sur toutes les commandes. Nous vous invitons \u00e0 consulter la<a href=\"https:\/\/led-the-way.com\/en\/elements__trashed\/pages__trashed\/faq\/\"> FAQ<\/a>\u00a0pour trouver les r\u00e9ponses \u00e0 vos questions.<\/span><\/p>\n<p>La grande majorit\u00e9 de nos produits aux DELs offrent ces particularit\u00e9s;<\/p>\n<ul>\n<li>\u00c9nergie solaire.<\/li>\n<li>Luminosit\u00e9 et visibilit\u00e9 accrue.<\/li>\n<li>\u00c9cologique.<\/li>\n<li>\u00c9conomique.<\/li>\n<li>Installation et utilisation simple et facile.<\/li>\n<\/ul>\n<p class=\" translation-block\"><strong>Consultez nos cat\u00e9gories de produits aux DELs pour d\u00e9butez votre magasinage. <\/strong><span style=\"font-size: 100%\">\u00c9v\u00e8nements. Signalisation. S\u00e9curit\u00e9. Municipalit\u00e9s. Loisirs. H\u00f4tellerie. Restauration. Maisons et jardins. Animaux, Commerces et services publiques, etc.<\/span><\/p>","protected":false},"excerpt":{"rendered":"<p>Led-the-way est un distributeur vous offrant une boutique de produits uniques aux DELS qui refl\u00e8tent l\u2019avenir. Consultez nos diff\u00e9rentes cat\u00e9gories de produits aux DELs. Veuillez noter que les taxes ne sont pas incluses dans le prix et que des frais de transport de $18.99 s&rsquo;appliqueront sur toutes les commandes. Nous vous invitons \u00e0 consulter la [&#8230;]","protected":false},"author":1,"featured_media":475,"parent":0,"menu_order":0,"comment_status":"closed","ping_status":"closed","template":"","meta":{"jetpack_post_was_ever_published":false,"footnotes":""},"yoast_head":"<!-- This site is optimized with the Yoast SEO Premium plugin v20.9 (Yoast SEO v22.0) - https:\/\/yoast.com\/wordpress\/plugins\/seo\/ -->\n<title>Boutique de produits uniques aux DELs Led-the-way<\/title>\n<meta name=\"description\" content=\"Led-the-way - Boutique de produits uniques aux DELs pour \u00e9v\u00e8nements, commerces, municipalit\u00e9s, s\u00e9curit\u00e9, loisirs, h\u00f4tellerie, restauration ...\" \/>\n<meta name=\"robots\" content=\"index, follow, max-snippet:-1, max-image-preview:large, max-video-preview:-1\" \/>\n<link rel=\"canonical\" href=\"https:\/\/led-the-way.com\/en\/boutique_de_produits_uniques_aux_dels\/\" \/>\n<meta property=\"og:locale\" content=\"en_US\" \/>\n<meta property=\"og:type\" content=\"article\" \/>\n<meta property=\"og:title\" content=\"Boutique DELS\" \/>\n<meta property=\"og:description\" content=\"Led-the-way est un distributeur vous offrant une boutique de produits uniques aux DELS. Ces produits refl\u00e8tent l\u2019avenir. Nous mettrons r\u00e9guli\u00e8rement en ligne de nouveaux produits. Consultez nos diff\u00e9rentes cat\u00e9gories de produits aux DELs. \u00c9v\u00e8nements. Municipalit\u00e9s. Signalisation. S\u00e9curit\u00e9. Loisirs. H\u00f4tellerie. Restauration. Maisons et jardins. Animaux, Commerces et services publiques, etc.De plus, la grande majorit\u00e9 de nos produits aux DELs offrent ces particularit\u00e9s:\u00c9nergie solaire.Produits aux DELsLuminosit\u00e9 et visibilit\u00e9 accrue.\u00c9cologique.\u00c9conomique.Installation et utilisation simple et facile.\" \/>\n<meta property=\"og:url\" content=\"https:\/\/led-the-way.com\/en\/boutique_de_produits_uniques_aux_dels\/\" \/>\n<meta property=\"og:site_name\" content=\"Led-the-way\" \/>\n<meta property=\"article:publisher\" content=\"https:\/\/web.facebook.com\/LED-THE-WAY-531227160363222\/?ref=bookmarks&amp;amp%3bamp%3bamp%3bamp%3bamp%3bamp%3bamp%3bamp%3bamp%3b_rdc=1&amp;amp%3bamp%3bamp%3bamp%3bamp%3bamp%3bamp%3bamp%3bamp%3b_rdr\" \/>\n<meta property=\"article:modified_time\" content=\"2022-09-13T16:20:28+00:00\" \/>\n<meta property=\"og:image\" content=\"https:\/\/led-the-way.com\/wp-content\/uploads\/2020\/02\/shoponline-scaled.jpg\" \/>\n\t<meta property=\"og:image:width\" content=\"2560\" \/>\n\t<meta property=\"og:image:height\" content=\"1689\" \/>\n\t<meta property=\"og:image:type\" content=\"image\/jpeg\" \/>\n<meta name=\"twitter:card\" content=\"summary_large_image\" \/>\n<meta name=\"twitter:label1\" content=\"Est. reading time\" \/>\n\t<meta name=\"twitter:data1\" content=\"1 minute\" \/>\n<script type=\"application\/ld+json\" class=\"yoast-schema-graph\">{\"@context\":\"https:\/\/schema.org\",\"@graph\":[{\"@type\":\"WebPage\",\"@id\":\"https:\/\/led-the-way.com\/boutique_de_produits_uniques_aux_dels\/\",\"url\":\"https:\/\/led-the-way.com\/boutique_de_produits_uniques_aux_dels\/\",\"name\":\"Boutique de produits uniques aux DELs Led-the-way\",\"isPartOf\":{\"@id\":\"https:\/\/led-the-way.com\/#website\"},\"datePublished\":\"2015-11-19T10:40:52+00:00\",\"dateModified\":\"2022-09-13T16:20:28+00:00\",\"description\":\"Led-the-way - Boutique de produits uniques aux DELs pour \u00e9v\u00e8nements, commerces, municipalit\u00e9s, s\u00e9curit\u00e9, loisirs, h\u00f4tellerie, restauration ...\",\"breadcrumb\":{\"@id\":\"https:\/\/led-the-way.com\/boutique_de_produits_uniques_aux_dels\/#breadcrumb\"},\"inLanguage\":\"en-US\",\"potentialAction\":[{\"@type\":\"ReadAction\",\"target\":[\"https:\/\/led-the-way.com\/boutique_de_produits_uniques_aux_dels\/\"]}]},{\"@type\":\"BreadcrumbList\",\"@id\":\"https:\/\/led-the-way.com\/boutique_de_produits_uniques_aux_dels\/#breadcrumb\",\"itemListElement\":[{\"@type\":\"ListItem\",\"position\":1,\"name\":\"Accueil\",\"item\":\"https:\/\/led-the-way.com\/\"},{\"@type\":\"ListItem\",\"position\":2,\"name\":\"Boutique DELS\"}]},{\"@type\":\"WebSite\",\"@id\":\"https:\/\/led-the-way.com\/#website\",\"url\":\"https:\/\/led-the-way.com\/\",\"name\":\"Led-the-way\",\"description\":\"&laquo; Cr&eacute;ez un monde de beaut&eacute; et de lumi&egrave;res &raquo;\",\"publisher\":{\"@id\":\"https:\/\/led-the-way.com\/#organization\"},\"potentialAction\":[{\"@type\":\"SearchAction\",\"target\":{\"@type\":\"EntryPoint\",\"urlTemplate\":\"https:\/\/led-the-way.com\/?s={search_term_string}\"},\"query-input\":\"required name=search_term_string\"}],\"inLanguage\":\"en-US\"},{\"@type\":\"Organization\",\"@id\":\"https:\/\/led-the-way.com\/#organization\",\"name\":\"Led-the-way\",\"url\":\"https:\/\/led-the-way.com\/\",\"logo\":{\"@type\":\"ImageObject\",\"inLanguage\":\"en-US\",\"@id\":\"https:\/\/led-the-way.com\/#\/schema\/logo\/image\/\",\"url\":\"https:\/\/i1.wp.com\/led-the-way.com\/wp-content\/uploads\/2020\/02\/logo3.png?fit=350%2C70&ssl=1\",\"contentUrl\":\"https:\/\/i1.wp.com\/led-the-way.com\/wp-content\/uploads\/2020\/02\/logo3.png?fit=350%2C70&ssl=1\",\"width\":350,\"height\":70,\"caption\":\"Led-the-way\"},\"image\":{\"@id\":\"https:\/\/led-the-way.com\/#\/schema\/logo\/image\/\"},\"sameAs\":[\"https:\/\/web.facebook.com\/LED-THE-WAY-531227160363222\/?ref=bookmarks&amp;amp;amp;amp;amp;amp;amp;amp;amp;_rdc=1&amp;amp;amp;amp;amp;amp;amp;amp;amp;_rdr\"]}]}<\/script>\n<!-- \/ Yoast SEO Premium plugin. -->","yoast_head_json":{"title":"Boutique de produits uniques aux DELs Led-the-way","description":"Led-the-way - Boutique de produits uniques aux DELs pour \u00e9v\u00e8nements, commerces, municipalit\u00e9s, s\u00e9curit\u00e9, loisirs, h\u00f4tellerie, restauration ...","robots":{"index":"index","follow":"follow","max-snippet":"max-snippet:-1","max-image-preview":"max-image-preview:large","max-video-preview":"max-video-preview:-1"},"canonical":"https:\/\/led-the-way.com\/en\/boutique_de_produits_uniques_aux_dels\/","og_locale":"en_US","og_type":"article","og_title":"Boutique DELS","og_description":"Led-the-way est un distributeur vous offrant une boutique de produits uniques aux DELS. Ces produits refl\u00e8tent l\u2019avenir. Nous mettrons r\u00e9guli\u00e8rement en ligne de nouveaux produits. Consultez nos diff\u00e9rentes cat\u00e9gories de produits aux DELs. \u00c9v\u00e8nements. Municipalit\u00e9s. Signalisation. S\u00e9curit\u00e9. Loisirs. H\u00f4tellerie. Restauration. Maisons et jardins. Animaux, Commerces et services publiques, etc.De plus, la grande majorit\u00e9 de nos produits aux DELs offrent ces particularit\u00e9s:\u00c9nergie solaire.Produits aux DELsLuminosit\u00e9 et visibilit\u00e9 accrue.\u00c9cologique.\u00c9conomique.Installation et utilisation simple et facile.","og_url":"https:\/\/led-the-way.com\/en\/boutique_de_produits_uniques_aux_dels\/","og_site_name":"Led-the-way","article_publisher":"https:\/\/web.facebook.com\/LED-THE-WAY-531227160363222\/?ref=bookmarks&amp%3bamp%3bamp%3bamp%3bamp%3bamp%3bamp%3bamp%3bamp%3b_rdc=1&amp%3bamp%3bamp%3bamp%3bamp%3bamp%3bamp%3bamp%3bamp%3b_rdr","article_modified_time":"2022-09-13T16:20:28+00:00","og_image":[{"width":2560,"height":1689,"url":"https:\/\/led-the-way.com\/wp-content\/uploads\/2020\/02\/shoponline-scaled.jpg","type":"image\/jpeg"}],"twitter_card":"summary_large_image","twitter_misc":{"Est. reading time":"1 minute"},"schema":{"@context":"https:\/\/schema.org","@graph":[{"@type":"WebPage","@id":"https:\/\/led-the-way.com\/boutique_de_produits_uniques_aux_dels\/","url":"https:\/\/led-the-way.com\/boutique_de_produits_uniques_aux_dels\/","name":"Boutique de produits uniques aux DELs Led-the-way","isPartOf":{"@id":"https:\/\/led-the-way.com\/#website"},"datePublished":"2015-11-19T10:40:52+00:00","dateModified":"2022-09-13T16:20:28+00:00","description":"Led-the-way - Boutique de produits uniques aux DELs pour \u00e9v\u00e8nements, commerces, municipalit\u00e9s, s\u00e9curit\u00e9, loisirs, h\u00f4tellerie, restauration ...","breadcrumb":{"@id":"https:\/\/led-the-way.com\/boutique_de_produits_uniques_aux_dels\/#breadcrumb"},"inLanguage":"en-US","potentialAction":[{"@type":"ReadAction","target":["https:\/\/led-the-way.com\/boutique_de_produits_uniques_aux_dels\/"]}]},{"@type":"BreadcrumbList","@id":"https:\/\/led-the-way.com\/boutique_de_produits_uniques_aux_dels\/#breadcrumb","itemListElement":[{"@type":"ListItem","position":1,"name":"Accueil","item":"https:\/\/led-the-way.com\/"},{"@type":"ListItem","position":2,"name":"Boutique DELS"}]},{"@type":"WebSite","@id":"https:\/\/led-the-way.com\/#website","url":"https:\/\/led-the-way.com\/","name":"Led-the-way","description":"&laquo; Cr&eacute;ez un monde de beaut&eacute; et de lumi&egrave;res &raquo;","publisher":{"@id":"https:\/\/led-the-way.com\/#organization"},"potentialAction":[{"@type":"SearchAction","target":{"@type":"EntryPoint","urlTemplate":"https:\/\/led-the-way.com\/?s={search_term_string}"},"query-input":"required name=search_term_string"}],"inLanguage":"en-US"},{"@type":"Organization","@id":"https:\/\/led-the-way.com\/#organization","name":"Led-the-way","url":"https:\/\/led-the-way.com\/","logo":{"@type":"ImageObject","inLanguage":"en-US","@id":"https:\/\/led-the-way.com\/#\/schema\/logo\/image\/","url":"https:\/\/i1.wp.com\/led-the-way.com\/wp-content\/uploads\/2020\/02\/logo3.png?fit=350%2C70&ssl=1","contentUrl":"https:\/\/i1.wp.com\/led-the-way.com\/wp-content\/uploads\/2020\/02\/logo3.png?fit=350%2C70&ssl=1","width":350,"height":70,"caption":"Led-the-way"},"image":{"@id":"https:\/\/led-the-way.com\/#\/schema\/logo\/image\/"},"sameAs":["https:\/\/web.facebook.com\/LED-THE-WAY-531227160363222\/?ref=bookmarks&amp;amp;amp;amp;amp;amp;amp;amp;amp;_rdc=1&amp;amp;amp;amp;amp;amp;amp;amp;amp;_rdr"]}]}},"jetpack_sharing_enabled":true,"jetpack_likes_enabled":true,"jetpack-related-posts":[],"_links":{"self":[{"href":"https:\/\/led-the-way.com\/en\/wp-json\/wp\/v2\/pages\/69"}],"collection":[{"href":"https:\/\/led-the-way.com\/en\/wp-json\/wp\/v2\/pages"}],"about":[{"href":"https:\/\/led-the-way.com\/en\/wp-json\/wp\/v2\/types\/page"}],"author":[{"embeddable":true,"href":"https:\/\/led-the-way.com\/en\/wp-json\/wp\/v2\/users\/1"}],"replies":[{"embeddable":true,"href":"https:\/\/led-the-way.com\/en\/wp-json\/wp\/v2\/comments?post=69"}],"version-history":[{"count":0,"href":"https:\/\/led-the-way.com\/en\/wp-json\/wp\/v2\/pages\/69\/revisions"}],"wp:featuredmedia":[{"embeddable":true,"href":"https:\/\/led-the-way.com\/en\/wp-json\/wp\/v2\/media\/475"}],"wp:attachment":[{"href":"https:\/\/led-the-way.com\/en\/wp-json\/wp\/v2\/media?parent=69"}],"curies":[{"name":"wp","href":"https:\/\/api.w.org\/{rel}","templated":true}]}}