{"id":47,"date":"2016-03-31T14:45:02","date_gmt":"2016-03-31T18:45:02","guid":{"rendered":"http:\/\/flatsome.dev\/?page_id=7017"},"modified":"2021-01-29T13:04:59","modified_gmt":"2021-01-29T18:04:59","slug":"search-box","status":"publish","type":"page","link":"https:\/\/led-the-way.com\/en\/search-box\/","title":{"rendered":"no-Search box"},"content":{"rendered":"<div class=\"banner has-hover has-parallax\" id=\"banner-648293295\">\n          <div class=\"banner-inner fill\">\n        <div class=\"banner-bg fill\" data-parallax=\"-3\" data-parallax-container=\".banner\" data-parallax-background>\n            <div class=\"bg fill bg-fill\"><\/div>\n                        <div class=\"overlay\"><\/div>            \n                    <\/div>\n\t\t\n        <div class=\"banner-layers container\">\n            <div class=\"fill banner-link\"><\/div>            \n   <div id=\"text-box-335121062\" class=\"text-box banner-layer x50 md-x50 lg-x50 y50 md-y50 lg-y50 res-text\">\n                                <div class=\"text-box-content text dark\">\n              \n              <div class=\"text-inner text-center\">\n                  \n<h3 class=\"uppercase\"><strong>SEARCH ELEMENT<\/strong><\/h3>\n<p class=\"lead\">Insert a Product Search box anywhere<\/p>\n<div class=\"searchform-wrapper ux-search-box relative form-flat is-xlarge\"><form role=\"search\" method=\"get\" class=\"searchform\" action=\"https:\/\/led-the-way.com\/en\/\" data-trp-original-action=\"https:\/\/led-the-way.com\/en\/\">\n\t<div class=\"flex-row relative\">\n\t\t\t\t\t<div class=\"flex-col search-form-categories\">\n\t\t\t\t<select class=\"search_categories resize-select mb-0\" name=\"product_cat\"><option value=\"\" selected='selected'>All<\/option><option value=\"animaux-produits-dels\">Animaux<\/option><option value=\"commerces-et-services-publiques-produits-dels\">Commerces et services publiques<\/option><option value=\"decoration-de-mur\">D\u00e9coration de mur<\/option><option value=\"evenements-produits-dels\">\u00c9v\u00e8nements<\/option><option value=\"hotellerie-et-restauration-produits-dels\">H\u00f4tellerie et restauration<\/option><option value=\"loisirs-produits-dels\">Loisirs<\/option><option value=\"maison-et-jardin-produits-dels\">Maison et jardin<\/option><option value=\"nouveautes\">Nouveaut\u00e9s<\/option><option value=\"produits-gonflables\">Produits gonflables<\/option><option value=\"promotion\">Promotion<\/option><option value=\"securite-produits-dels\">S\u00e9curit\u00e9<\/option><option value=\"service-de-location\">Service de location<\/option><option value=\"signalisation-produits-dels\">Signalisation<\/option><\/select>\t\t\t<\/div>\n\t\t\t\t\t\t<div class=\"flex-col flex-grow\">\n\t\t\t<label class=\"screen-reader-text\" for=\"woocommerce-product-search-field-0\" data-no-translation=\"\" data-trp-gettext=\"\">Search for:<\/label>\n\t\t\t<input type=\"search\" id=\"woocommerce-product-search-field-0\" class=\"search-field mb-0\" placeholder=\"Recherche de produits\" value=\"\" name=\"s\" \/>\n\t\t\t<input type=\"hidden\" name=\"post_type\" value=\"product\" \/>\n\t\t\t\t\t<\/div>\n\t\t<div class=\"flex-col\">\n\t\t\t<button type=\"submit\" value=\"Search\" class=\"ux-search-submit submit-button secondary button  icon mb-0\" aria-label=\"Submit\" data-no-translation-value=\"\">\n\t\t\t\t<i class=\"icon-search\" ><\/i>\t\t\t<\/button>\n\t\t<\/div>\n\t<\/div>\n\t<div class=\"live-search-results text-left z-top\"><\/div>\n<input type=\"hidden\" name=\"trp-form-language\" value=\"en\"\/><\/form>\n<\/div>\n              <\/div>\n           <\/div>\n                            \n<style>\n#text-box-335121062 {\n  width: 60%;\n}\n#text-box-335121062 .text-box-content {\n  font-size: 100%;\n}\n<\/style>\n    <\/div>\n \n        <\/div>\n      <\/div>\n\n            \n<style>\n#banner-648293295 {\n  padding-top: 500px;\n}\n#banner-648293295 .bg.bg-loaded {\n  background-image: url(https:\/\/i0.wp.com\/led-the-way.com\/wp-content\/uploads\/2016\/08\/dummy-2.jpg?fit=1000%2C650&ssl=1);\n}\n#banner-648293295 .overlay {\n  background-color: rgba(0, 0, 0, 0.44);\n}\n#banner-648293295 .bg {\n  background-position: 32% 28%;\n}\n<\/style>\n  <\/div>\n\n\n<div class=\"row\"  id=\"row-1681549003\">\n\n\t<div id=\"col-1530858393\" class=\"col medium-6 small-12 large-6\"  >\n\t\t\t\t<div class=\"col-inner\"  >\n\t\t\t\n\t\t\t\n<div class=\"container section-title-container\" ><h3 class=\"section-title section-title-normal\"><b><\/b><span class=\"section-title-main\" >Default style<\/span><b><\/b><\/h3><\/div>\n<div class=\"searchform-wrapper ux-search-box relative is-normal\"><form role=\"search\" method=\"get\" class=\"searchform\" action=\"https:\/\/led-the-way.com\/en\/\" data-trp-original-action=\"https:\/\/led-the-way.com\/en\/\">\n\t<div class=\"flex-row relative\">\n\t\t\t\t\t<div class=\"flex-col search-form-categories\">\n\t\t\t\t<select class=\"search_categories resize-select mb-0\" name=\"product_cat\"><option value=\"\" selected='selected'>All<\/option><option value=\"animaux-produits-dels\">Animaux<\/option><option value=\"commerces-et-services-publiques-produits-dels\">Commerces et services publiques<\/option><option value=\"decoration-de-mur\">D\u00e9coration de mur<\/option><option value=\"evenements-produits-dels\">\u00c9v\u00e8nements<\/option><option value=\"hotellerie-et-restauration-produits-dels\">H\u00f4tellerie et restauration<\/option><option value=\"loisirs-produits-dels\">Loisirs<\/option><option value=\"maison-et-jardin-produits-dels\">Maison et jardin<\/option><option value=\"nouveautes\">Nouveaut\u00e9s<\/option><option value=\"produits-gonflables\">Produits gonflables<\/option><option value=\"promotion\">Promotion<\/option><option value=\"securite-produits-dels\">S\u00e9curit\u00e9<\/option><option value=\"service-de-location\">Service de location<\/option><option value=\"signalisation-produits-dels\">Signalisation<\/option><\/select>\t\t\t<\/div>\n\t\t\t\t\t\t<div class=\"flex-col flex-grow\">\n\t\t\t<label class=\"screen-reader-text\" for=\"woocommerce-product-search-field-1\" data-no-translation=\"\" data-trp-gettext=\"\">Search for:<\/label>\n\t\t\t<input type=\"search\" id=\"woocommerce-product-search-field-1\" class=\"search-field mb-0\" placeholder=\"Recherche de produits\" value=\"\" name=\"s\" \/>\n\t\t\t<input type=\"hidden\" name=\"post_type\" value=\"product\" \/>\n\t\t\t\t\t<\/div>\n\t\t<div class=\"flex-col\">\n\t\t\t<button type=\"submit\" value=\"Search\" class=\"ux-search-submit submit-button secondary button  icon mb-0\" aria-label=\"Submit\" data-no-translation-value=\"\">\n\t\t\t\t<i class=\"icon-search\" ><\/i>\t\t\t<\/button>\n\t\t<\/div>\n\t<\/div>\n\t<div class=\"live-search-results text-left z-top\"><\/div>\n<input type=\"hidden\" name=\"trp-form-language\" value=\"en\"\/><\/form>\n<\/div>\n\t\t<\/div>\n\t\t\t\t\t<\/div>\n\n\t\n\n\t<div id=\"col-812396252\" class=\"col medium-6 small-12 large-6\"  >\n\t\t\t\t<div class=\"col-inner\"  >\n\t\t\t\n\t\t\t\n<div class=\"container section-title-container\" ><h3 class=\"section-title section-title-normal\"><b><\/b><span class=\"section-title-main\" >Flat style<\/span><b><\/b><\/h3><\/div>\n<div class=\"searchform-wrapper ux-search-box relative form-flat is-normal\"><form role=\"search\" method=\"get\" class=\"searchform\" action=\"https:\/\/led-the-way.com\/en\/\" data-trp-original-action=\"https:\/\/led-the-way.com\/en\/\">\n\t<div class=\"flex-row relative\">\n\t\t\t\t\t<div class=\"flex-col search-form-categories\">\n\t\t\t\t<select class=\"search_categories resize-select mb-0\" name=\"product_cat\"><option value=\"\" selected='selected'>All<\/option><option value=\"animaux-produits-dels\">Animaux<\/option><option value=\"commerces-et-services-publiques-produits-dels\">Commerces et services publiques<\/option><option value=\"decoration-de-mur\">D\u00e9coration de mur<\/option><option value=\"evenements-produits-dels\">\u00c9v\u00e8nements<\/option><option value=\"hotellerie-et-restauration-produits-dels\">H\u00f4tellerie et restauration<\/option><option value=\"loisirs-produits-dels\">Loisirs<\/option><option value=\"maison-et-jardin-produits-dels\">Maison et jardin<\/option><option value=\"nouveautes\">Nouveaut\u00e9s<\/option><option value=\"produits-gonflables\">Produits gonflables<\/option><option value=\"promotion\">Promotion<\/option><option value=\"securite-produits-dels\">S\u00e9curit\u00e9<\/option><option value=\"service-de-location\">Service de location<\/option><option value=\"signalisation-produits-dels\">Signalisation<\/option><\/select>\t\t\t<\/div>\n\t\t\t\t\t\t<div class=\"flex-col flex-grow\">\n\t\t\t<label class=\"screen-reader-text\" for=\"woocommerce-product-search-field-2\" data-no-translation=\"\" data-trp-gettext=\"\">Search for:<\/label>\n\t\t\t<input type=\"search\" id=\"woocommerce-product-search-field-2\" class=\"search-field mb-0\" placeholder=\"Recherche de produits\" value=\"\" name=\"s\" \/>\n\t\t\t<input type=\"hidden\" name=\"post_type\" value=\"product\" \/>\n\t\t\t\t\t<\/div>\n\t\t<div class=\"flex-col\">\n\t\t\t<button type=\"submit\" value=\"Search\" class=\"ux-search-submit submit-button secondary button  icon mb-0\" aria-label=\"Submit\" data-no-translation-value=\"\">\n\t\t\t\t<i class=\"icon-search\" ><\/i>\t\t\t<\/button>\n\t\t<\/div>\n\t<\/div>\n\t<div class=\"live-search-results text-left z-top\"><\/div>\n<input type=\"hidden\" name=\"trp-form-language\" value=\"en\"\/><\/form>\n<\/div>\n\t\t<\/div>\n\t\t\t\t\t<\/div>\n\n\t\n<\/div>\n\n  <div class=\"banner has-hover\" id=\"banner-26632363\">\n          <div class=\"banner-inner fill\">\n        <div class=\"banner-bg fill\" >\n            <div class=\"bg fill bg-fill\"><\/div>\n                                    \n                    <\/div>\n\t\t\n        <div class=\"banner-layers container\">\n            <div class=\"fill banner-link\"><\/div>            \n   <div id=\"text-box-868951177\" class=\"text-box banner-layer x0 md-x0 lg-x0 y50 md-y50 lg-y50 res-text\">\n                                <div class=\"text-box-content text dark\">\n              \n              <div class=\"text-inner text-left\">\n                  \n<h3 class=\"uppercase\"><strong>Search box inside a banner<\/strong><\/h3>\n<p>Lorem ipsum dolor sit amet, consectetuer adipiscing elit, sed diam nonummy nibh euismod tincidunt ut laoreet dolore magna aliquam erat volutpat.<\/p>\n\t<div id=\"gap-1456999627\" class=\"gap-element clearfix\" style=\"display:block; height:auto;\">\n\t\t\n<style>\n#gap-1456999627 {\n  padding-top: 25px;\n}\n<\/style>\n\t<\/div>\n\t\n<div class=\"searchform-wrapper ux-search-box relative is-large\"><form role=\"search\" method=\"get\" class=\"searchform\" action=\"https:\/\/led-the-way.com\/en\/\" data-trp-original-action=\"https:\/\/led-the-way.com\/en\/\">\n\t<div class=\"flex-row relative\">\n\t\t\t\t\t<div class=\"flex-col search-form-categories\">\n\t\t\t\t<select class=\"search_categories resize-select mb-0\" name=\"product_cat\"><option value=\"\" selected='selected'>All<\/option><option value=\"animaux-produits-dels\">Animaux<\/option><option value=\"commerces-et-services-publiques-produits-dels\">Commerces et services publiques<\/option><option value=\"decoration-de-mur\">D\u00e9coration de mur<\/option><option value=\"evenements-produits-dels\">\u00c9v\u00e8nements<\/option><option value=\"hotellerie-et-restauration-produits-dels\">H\u00f4tellerie et restauration<\/option><option value=\"loisirs-produits-dels\">Loisirs<\/option><option value=\"maison-et-jardin-produits-dels\">Maison et jardin<\/option><option value=\"nouveautes\">Nouveaut\u00e9s<\/option><option value=\"produits-gonflables\">Produits gonflables<\/option><option value=\"promotion\">Promotion<\/option><option value=\"securite-produits-dels\">S\u00e9curit\u00e9<\/option><option value=\"service-de-location\">Service de location<\/option><option value=\"signalisation-produits-dels\">Signalisation<\/option><\/select>\t\t\t<\/div>\n\t\t\t\t\t\t<div class=\"flex-col flex-grow\">\n\t\t\t<label class=\"screen-reader-text\" for=\"woocommerce-product-search-field-3\" data-no-translation=\"\" data-trp-gettext=\"\">Search for:<\/label>\n\t\t\t<input type=\"search\" id=\"woocommerce-product-search-field-3\" class=\"search-field mb-0\" placeholder=\"Recherche de produits\" value=\"\" name=\"s\" \/>\n\t\t\t<input type=\"hidden\" name=\"post_type\" value=\"product\" \/>\n\t\t\t\t\t<\/div>\n\t\t<div class=\"flex-col\">\n\t\t\t<button type=\"submit\" value=\"Search\" class=\"ux-search-submit submit-button secondary button  icon mb-0\" aria-label=\"Submit\" data-no-translation-value=\"\">\n\t\t\t\t<i class=\"icon-search\" ><\/i>\t\t\t<\/button>\n\t\t<\/div>\n\t<\/div>\n\t<div class=\"live-search-results text-left z-top\"><\/div>\n<input type=\"hidden\" name=\"trp-form-language\" value=\"en\"\/><\/form>\n<\/div>\n              <\/div>\n           <\/div>\n                            \n<style>\n#text-box-868951177 {\n  width: 37%;\n}\n#text-box-868951177 .text-box-content {\n  font-size: 100%;\n}\n<\/style>\n    <\/div>\n \n        <\/div>\n      <\/div>\n\n            \n<style>\n#banner-26632363 {\n  padding-top: 500px;\n}\n#banner-26632363 .bg.bg-loaded {\n  background-image: url(https:\/\/i0.wp.com\/led-the-way.com\/wp-content\/uploads\/2016\/08\/dummy-2.jpg?fit=1000%2C650&ssl=1);\n}\n#banner-26632363 .bg {\n  background-position: 58% 16%;\n}\n<\/style>\n  <\/div>","protected":false},"excerpt":{"rendered":"","protected":false},"author":1,"featured_media":17,"parent":0,"menu_order":99,"comment_status":"closed","ping_status":"closed","template":"page-blank.php","meta":{"jetpack_post_was_ever_published":false,"footnotes":""},"yoast_head":"<!-- This site is optimized with the Yoast SEO Premium plugin v20.9 (Yoast SEO v22.0) - https:\/\/yoast.com\/wordpress\/plugins\/seo\/ -->\n<title>no-Search box - Distributeur de produits aux DELs<\/title>\n<meta name=\"description\" content=\"Led-the-way - Cr\u00e9ez un monde de beaut\u00e9 et de lumi\u00e8res avec nos produits aux DELs qui refl\u00e8tent l&#039;avenir.\" \/>\n<meta name=\"robots\" content=\"index, follow, max-snippet:-1, max-image-preview:large, max-video-preview:-1\" \/>\n<link rel=\"canonical\" href=\"https:\/\/led-the-way.com\/en\/search-box\/\" \/>\n<meta property=\"og:locale\" content=\"en_US\" \/>\n<meta property=\"og:type\" content=\"article\" \/>\n<meta property=\"og:title\" content=\"no-Search box\" \/>\n<meta property=\"og:description\" content=\"Led-the-way - Cr\u00e9ez un monde de beaut\u00e9 et de lumi\u00e8res avec nos produits aux DELs qui refl\u00e8tent l&#039;avenir.\" \/>\n<meta property=\"og:url\" content=\"https:\/\/led-the-way.com\/en\/search-box\/\" \/>\n<meta property=\"og:site_name\" content=\"Led-the-way\" \/>\n<meta property=\"article:publisher\" content=\"https:\/\/web.facebook.com\/LED-THE-WAY-531227160363222\/?ref=bookmarks&amp;amp%3bamp%3bamp%3bamp%3bamp%3bamp%3bamp%3bamp%3bamp%3b_rdc=1&amp;amp%3bamp%3bamp%3bamp%3bamp%3bamp%3bamp%3bamp%3bamp%3b_rdr\" \/>\n<meta property=\"article:modified_time\" content=\"2021-01-29T18:04:59+00:00\" \/>\n<meta property=\"og:image\" content=\"https:\/\/i0.wp.com\/led-the-way.com\/wp-content\/uploads\/2016\/08\/dummy-1.jpg?fit=400%2C260&ssl=1\" \/>\n\t<meta property=\"og:image:width\" content=\"400\" \/>\n\t<meta property=\"og:image:height\" content=\"260\" \/>\n\t<meta property=\"og:image:type\" content=\"image\/jpeg\" \/>\n<meta name=\"twitter:card\" content=\"summary_large_image\" \/>\n<meta name=\"twitter:label1\" content=\"Est. reading time\" \/>\n\t<meta name=\"twitter:data1\" content=\"1 minute\" \/>\n<script type=\"application\/ld+json\" class=\"yoast-schema-graph\">{\"@context\":\"https:\/\/schema.org\",\"@graph\":[{\"@type\":\"WebPage\",\"@id\":\"https:\/\/led-the-way.com\/search-box\/\",\"url\":\"https:\/\/led-the-way.com\/search-box\/\",\"name\":\"no-Search box - Distributeur de produits aux DELs\",\"isPartOf\":{\"@id\":\"https:\/\/led-the-way.com\/#website\"},\"datePublished\":\"2016-03-31T18:45:02+00:00\",\"dateModified\":\"2021-01-29T18:04:59+00:00\",\"description\":\"Led-the-way - Cr\u00e9ez un monde de beaut\u00e9 et de lumi\u00e8res avec nos produits aux DELs qui refl\u00e8tent l'avenir.\",\"breadcrumb\":{\"@id\":\"https:\/\/led-the-way.com\/search-box\/#breadcrumb\"},\"inLanguage\":\"en-US\",\"potentialAction\":[{\"@type\":\"ReadAction\",\"target\":[\"https:\/\/led-the-way.com\/search-box\/\"]}]},{\"@type\":\"BreadcrumbList\",\"@id\":\"https:\/\/led-the-way.com\/search-box\/#breadcrumb\",\"itemListElement\":[{\"@type\":\"ListItem\",\"position\":1,\"name\":\"Accueil\",\"item\":\"https:\/\/led-the-way.com\/\"},{\"@type\":\"ListItem\",\"position\":2,\"name\":\"no-Search box\"}]},{\"@type\":\"WebSite\",\"@id\":\"https:\/\/led-the-way.com\/#website\",\"url\":\"https:\/\/led-the-way.com\/\",\"name\":\"Led-the-way\",\"description\":\"&laquo; Cr&eacute;ez un monde de beaut&eacute; et de lumi&egrave;res &raquo;\",\"publisher\":{\"@id\":\"https:\/\/led-the-way.com\/#organization\"},\"potentialAction\":[{\"@type\":\"SearchAction\",\"target\":{\"@type\":\"EntryPoint\",\"urlTemplate\":\"https:\/\/led-the-way.com\/?s={search_term_string}\"},\"query-input\":\"required name=search_term_string\"}],\"inLanguage\":\"en-US\"},{\"@type\":\"Organization\",\"@id\":\"https:\/\/led-the-way.com\/#organization\",\"name\":\"Led-the-way\",\"url\":\"https:\/\/led-the-way.com\/\",\"logo\":{\"@type\":\"ImageObject\",\"inLanguage\":\"en-US\",\"@id\":\"https:\/\/led-the-way.com\/#\/schema\/logo\/image\/\",\"url\":\"https:\/\/i1.wp.com\/led-the-way.com\/wp-content\/uploads\/2020\/02\/logo3.png?fit=350%2C70&ssl=1\",\"contentUrl\":\"https:\/\/i1.wp.com\/led-the-way.com\/wp-content\/uploads\/2020\/02\/logo3.png?fit=350%2C70&ssl=1\",\"width\":350,\"height\":70,\"caption\":\"Led-the-way\"},\"image\":{\"@id\":\"https:\/\/led-the-way.com\/#\/schema\/logo\/image\/\"},\"sameAs\":[\"https:\/\/web.facebook.com\/LED-THE-WAY-531227160363222\/?ref=bookmarks&amp;amp;amp;amp;amp;amp;amp;amp;amp;_rdc=1&amp;amp;amp;amp;amp;amp;amp;amp;amp;_rdr\"]}]}<\/script>\n<!-- \/ Yoast SEO Premium plugin. -->","yoast_head_json":{"title":"no-Search box - Distributeur de produits aux DELs","description":"Led-the-way - Cr\u00e9ez un monde de beaut\u00e9 et de lumi\u00e8res avec nos produits aux DELs qui refl\u00e8tent l'avenir.","robots":{"index":"index","follow":"follow","max-snippet":"max-snippet:-1","max-image-preview":"max-image-preview:large","max-video-preview":"max-video-preview:-1"},"canonical":"https:\/\/led-the-way.com\/en\/search-box\/","og_locale":"en_US","og_type":"article","og_title":"no-Search box","og_description":"Led-the-way - Cr\u00e9ez un monde de beaut\u00e9 et de lumi\u00e8res avec nos produits aux DELs qui refl\u00e8tent l'avenir.","og_url":"https:\/\/led-the-way.com\/en\/search-box\/","og_site_name":"Led-the-way","article_publisher":"https:\/\/web.facebook.com\/LED-THE-WAY-531227160363222\/?ref=bookmarks&amp%3bamp%3bamp%3bamp%3bamp%3bamp%3bamp%3bamp%3bamp%3b_rdc=1&amp%3bamp%3bamp%3bamp%3bamp%3bamp%3bamp%3bamp%3bamp%3b_rdr","article_modified_time":"2021-01-29T18:04:59+00:00","og_image":[{"width":400,"height":260,"url":"https:\/\/i0.wp.com\/led-the-way.com\/wp-content\/uploads\/2016\/08\/dummy-1.jpg?fit=400%2C260&ssl=1","type":"image\/jpeg"}],"twitter_card":"summary_large_image","twitter_misc":{"Est. reading time":"1 minute"},"schema":{"@context":"https:\/\/schema.org","@graph":[{"@type":"WebPage","@id":"https:\/\/led-the-way.com\/search-box\/","url":"https:\/\/led-the-way.com\/search-box\/","name":"no-Search box - Distributeur de produits aux DELs","isPartOf":{"@id":"https:\/\/led-the-way.com\/#website"},"datePublished":"2016-03-31T18:45:02+00:00","dateModified":"2021-01-29T18:04:59+00:00","description":"Led-the-way - Cr\u00e9ez un monde de beaut\u00e9 et de lumi\u00e8res avec nos produits aux DELs qui refl\u00e8tent l'avenir.","breadcrumb":{"@id":"https:\/\/led-the-way.com\/search-box\/#breadcrumb"},"inLanguage":"en-US","potentialAction":[{"@type":"ReadAction","target":["https:\/\/led-the-way.com\/search-box\/"]}]},{"@type":"BreadcrumbList","@id":"https:\/\/led-the-way.com\/search-box\/#breadcrumb","itemListElement":[{"@type":"ListItem","position":1,"name":"Accueil","item":"https:\/\/led-the-way.com\/"},{"@type":"ListItem","position":2,"name":"no-Search box"}]},{"@type":"WebSite","@id":"https:\/\/led-the-way.com\/#website","url":"https:\/\/led-the-way.com\/","name":"Led-the-way","description":"&laquo; Cr&eacute;ez un monde de beaut&eacute; et de lumi&egrave;res &raquo;","publisher":{"@id":"https:\/\/led-the-way.com\/#organization"},"potentialAction":[{"@type":"SearchAction","target":{"@type":"EntryPoint","urlTemplate":"https:\/\/led-the-way.com\/?s={search_term_string}"},"query-input":"required name=search_term_string"}],"inLanguage":"en-US"},{"@type":"Organization","@id":"https:\/\/led-the-way.com\/#organization","name":"Led-the-way","url":"https:\/\/led-the-way.com\/","logo":{"@type":"ImageObject","inLanguage":"en-US","@id":"https:\/\/led-the-way.com\/#\/schema\/logo\/image\/","url":"https:\/\/i1.wp.com\/led-the-way.com\/wp-content\/uploads\/2020\/02\/logo3.png?fit=350%2C70&ssl=1","contentUrl":"https:\/\/i1.wp.com\/led-the-way.com\/wp-content\/uploads\/2020\/02\/logo3.png?fit=350%2C70&ssl=1","width":350,"height":70,"caption":"Led-the-way"},"image":{"@id":"https:\/\/led-the-way.com\/#\/schema\/logo\/image\/"},"sameAs":["https:\/\/web.facebook.com\/LED-THE-WAY-531227160363222\/?ref=bookmarks&amp;amp;amp;amp;amp;amp;amp;amp;amp;_rdc=1&amp;amp;amp;amp;amp;amp;amp;amp;amp;_rdr"]}]}},"jetpack_sharing_enabled":true,"jetpack_likes_enabled":true,"jetpack-related-posts":[],"_links":{"self":[{"href":"https:\/\/led-the-way.com\/en\/wp-json\/wp\/v2\/pages\/47"}],"collection":[{"href":"https:\/\/led-the-way.com\/en\/wp-json\/wp\/v2\/pages"}],"about":[{"href":"https:\/\/led-the-way.com\/en\/wp-json\/wp\/v2\/types\/page"}],"author":[{"embeddable":true,"href":"https:\/\/led-the-way.com\/en\/wp-json\/wp\/v2\/users\/1"}],"replies":[{"embeddable":true,"href":"https:\/\/led-the-way.com\/en\/wp-json\/wp\/v2\/comments?post=47"}],"version-history":[{"count":0,"href":"https:\/\/led-the-way.com\/en\/wp-json\/wp\/v2\/pages\/47\/revisions"}],"wp:featuredmedia":[{"embeddable":true,"href":"https:\/\/led-the-way.com\/en\/wp-json\/wp\/v2\/media\/17"}],"wp:attachment":[{"href":"https:\/\/led-the-way.com\/en\/wp-json\/wp\/v2\/media?parent=47"}],"curies":[{"name":"wp","href":"https:\/\/api.w.org\/{rel}","templated":true}]}}